{"id":31622,"date":"2024-06-06T13:29:18","date_gmt":"2024-06-06T13:29:18","guid":{"rendered":"https:\/\/opticasdeluxe.com\/?post_type=product&#038;p=31622"},"modified":"2026-02-19T07:33:55","modified_gmt":"2026-02-19T07:33:55","slug":"solucion-oftyll-monogreen-360-ml","status":"publish","type":"product","link":"https:\/\/opticasdeluxe.com\/es-sv\/producto\/solucion-oftyll-monogreen-360-ml\/","title":{"rendered":"Soluci\u00f3n Oftyll Monogreen 360 Ml"},"content":{"rendered":"Soluci\u00f3n de limpieza para lentes de contacto, desinfecta, almacena, limpia, lubrica e hidrata.","protected":false},"excerpt":{"rendered":"<p>Soluci\u00f3n de limpieza para lentes de contacto, desinfecta, almacena, limpia, lubrica e hidrata.<\/p>\n","protected":false},"featured_media":31625,"template":"","meta":[],"product_brand":[],"product_cat":[2031],"product_tag":[22],"giftcard-category":[],"class_list":{"0":"post-31622","1":"product","2":"type-product","3":"status-publish","4":"has-post-thumbnail","6":"product_cat-soluciones-de-limpieza","7":"product_tag-liquido-liquid","9":"first","10":"instock","11":"shipping-taxable","12":"purchasable","13":"product-type-simple","14":"add-to-wishlist-before_add_to_cart"},"composite_virtual":false,"composite_layout":"","composite_add_to_cart_form_location":"","composite_editable_in_cart":false,"composite_sold_individually_context":"","composite_shop_price_calc":"","composite_components":[],"composite_scenarios":[],"bundled_by":[],"bundle_stock_status":"instock","bundle_stock_quantity":null,"bundle_virtual":false,"bundle_layout":"","bundle_add_to_cart_form_location":"","bundle_editable_in_cart":false,"bundle_sold_individually_context":"","bundle_item_grouping":"","bundle_min_size":"","bundle_max_size":"","bundle_price":[],"bundled_items":[],"bundle_sell_ids":[],"exclude_global_add_ons":[],"addons":[],"yoast_head":"<!-- This site is optimized with the Yoast SEO plugin v26.7 - https:\/\/yoast.com\/wordpress\/plugins\/seo\/ -->\n<title>Soluci\u00f3n Oftyll Monogreen 360 Ml - \u00d3pticas Deluxe<\/title>\n<meta name=\"robots\" content=\"index, follow, max-snippet:-1, max-image-preview:large, max-video-preview:-1\" \/>\n<link rel=\"canonical\" href=\"https:\/\/opticasdeluxe.com\/es-sv\/producto\/solucion-oftyll-monogreen-360-ml\/\" \/>\n<meta property=\"og:locale\" content=\"es_ES\" \/>\n<meta property=\"og:type\" content=\"article\" \/>\n<meta property=\"og:title\" content=\"Soluci\u00f3n Oftyll Monogreen 360 Ml - \u00d3pticas Deluxe\" \/>\n<meta property=\"og:description\" content=\"Soluci\u00f3n de limpieza para lentes de contacto, desinfecta, almacena, limpia, lubrica e hidrata.\" \/>\n<meta property=\"og:url\" content=\"https:\/\/opticasdeluxe.com\/es-sv\/producto\/solucion-oftyll-monogreen-360-ml\/\" \/>\n<meta property=\"og:site_name\" content=\"\u00d3pticas Deluxe\" \/>\n<meta property=\"article:publisher\" content=\"https:\/\/m.facebook.com\/OpticasDeluxe\" \/>\n<meta property=\"article:modified_time\" content=\"2026-02-19T07:33:55+00:00\" \/>\n<meta property=\"og:image\" content=\"https:\/\/opticasdeluxe.com\/wp-content\/uploads\/2024\/06\/solucion-oftyll-monogreen-360-ml.jpg\" \/>\n\t<meta property=\"og:image:width\" content=\"287\" \/>\n\t<meta property=\"og:image:height\" content=\"287\" \/>\n\t<meta property=\"og:image:type\" content=\"image\/jpeg\" \/>\n<meta name=\"twitter:card\" content=\"summary_large_image\" \/>\n<meta name=\"twitter:site\" content=\"@opticasdeluxe\" \/>\n<script type=\"application\/ld+json\" class=\"yoast-schema-graph\">{\"@context\":\"https:\/\/schema.org\",\"@graph\":[{\"@type\":\"WebPage\",\"@id\":\"https:\/\/opticasdeluxe.com\/es-sv\/producto\/solucion-oftyll-monogreen-360-ml\/\",\"url\":\"https:\/\/opticasdeluxe.com\/es-sv\/producto\/solucion-oftyll-monogreen-360-ml\/\",\"name\":\"Soluci\u00f3n Oftyll Monogreen 360 Ml - \u00d3pticas Deluxe\",\"isPartOf\":{\"@id\":\"https:\/\/opticasdeluxe.com\/es-sv\/#website\"},\"primaryImageOfPage\":{\"@id\":\"https:\/\/opticasdeluxe.com\/es-sv\/producto\/solucion-oftyll-monogreen-360-ml\/#primaryimage\"},\"image\":{\"@id\":\"https:\/\/opticasdeluxe.com\/es-sv\/producto\/solucion-oftyll-monogreen-360-ml\/#primaryimage\"},\"thumbnailUrl\":\"https:\/\/opticasdeluxe.com\/wp-content\/uploads\/2024\/06\/solucion-oftyll-monogreen-360-ml.jpg\",\"datePublished\":\"2024-06-06T13:29:18+00:00\",\"dateModified\":\"2026-02-19T07:33:55+00:00\",\"breadcrumb\":{\"@id\":\"https:\/\/opticasdeluxe.com\/es-sv\/producto\/solucion-oftyll-monogreen-360-ml\/#breadcrumb\"},\"inLanguage\":\"es-SV\",\"potentialAction\":[{\"@type\":\"ReadAction\",\"target\":[\"https:\/\/opticasdeluxe.com\/es-sv\/producto\/solucion-oftyll-monogreen-360-ml\/\"]}]},{\"@type\":\"ImageObject\",\"inLanguage\":\"es-SV\",\"@id\":\"https:\/\/opticasdeluxe.com\/es-sv\/producto\/solucion-oftyll-monogreen-360-ml\/#primaryimage\",\"url\":\"https:\/\/opticasdeluxe.com\/wp-content\/uploads\/2024\/06\/solucion-oftyll-monogreen-360-ml.jpg\",\"contentUrl\":\"https:\/\/opticasdeluxe.com\/wp-content\/uploads\/2024\/06\/solucion-oftyll-monogreen-360-ml.jpg\",\"width\":287,\"height\":287},{\"@type\":\"BreadcrumbList\",\"@id\":\"https:\/\/opticasdeluxe.com\/es-sv\/producto\/solucion-oftyll-monogreen-360-ml\/#breadcrumb\",\"itemListElement\":[{\"@type\":\"ListItem\",\"position\":1,\"name\":\"Home\",\"item\":\"https:\/\/opticasdeluxe.com\/es-sv\/\"},{\"@type\":\"ListItem\",\"position\":2,\"name\":\"Soluci\u00f3n Oftyll Monogreen 360 Ml\"}]},{\"@type\":\"WebSite\",\"@id\":\"https:\/\/opticasdeluxe.com\/es-sv\/#website\",\"url\":\"https:\/\/opticasdeluxe.com\/es-sv\/\",\"name\":\"\u00d3pticas Deluxe\",\"description\":\"\",\"publisher\":{\"@id\":\"https:\/\/opticasdeluxe.com\/es-sv\/#organization\"},\"potentialAction\":[{\"@type\":\"SearchAction\",\"target\":{\"@type\":\"EntryPoint\",\"urlTemplate\":\"https:\/\/opticasdeluxe.com\/es-sv\/?s={search_term_string}\"},\"query-input\":{\"@type\":\"PropertyValueSpecification\",\"valueRequired\":true,\"valueName\":\"search_term_string\"}}],\"inLanguage\":\"es-SV\"},{\"@type\":\"Organization\",\"@id\":\"https:\/\/opticasdeluxe.com\/es-sv\/#organization\",\"name\":\"\u00d3pticas Deluxe\",\"url\":\"https:\/\/opticasdeluxe.com\/es-sv\/\",\"logo\":{\"@type\":\"ImageObject\",\"inLanguage\":\"es-SV\",\"@id\":\"https:\/\/opticasdeluxe.com\/es-sv\/#\/schema\/logo\/image\/\",\"url\":\"https:\/\/opticasdeluxe.com\/wp-content\/uploads\/2023\/12\/opticas-deluxe-mobile-logo.png\",\"contentUrl\":\"https:\/\/opticasdeluxe.com\/wp-content\/uploads\/2023\/12\/opticas-deluxe-mobile-logo.png\",\"width\":234,\"height\":67,\"caption\":\"\u00d3pticas Deluxe\"},\"image\":{\"@id\":\"https:\/\/opticasdeluxe.com\/es-sv\/#\/schema\/logo\/image\/\"},\"sameAs\":[\"https:\/\/m.facebook.com\/OpticasDeluxe\",\"https:\/\/x.com\/opticasdeluxe\",\"https:\/\/www.instagram.com\/opticasdeluxe\"]}]}<\/script>\n<!-- \/ Yoast SEO plugin. -->","yoast_head_json":{"title":"Soluci\u00f3n Oftyll Monogreen 360 Ml - \u00d3pticas Deluxe","robots":{"index":"index","follow":"follow","max-snippet":"max-snippet:-1","max-image-preview":"max-image-preview:large","max-video-preview":"max-video-preview:-1"},"canonical":"https:\/\/opticasdeluxe.com\/es-sv\/producto\/solucion-oftyll-monogreen-360-ml\/","og_locale":"es_ES","og_type":"article","og_title":"Soluci\u00f3n Oftyll Monogreen 360 Ml - \u00d3pticas Deluxe","og_description":"Soluci\u00f3n de limpieza para lentes de contacto, desinfecta, almacena, limpia, lubrica e hidrata.","og_url":"https:\/\/opticasdeluxe.com\/es-sv\/producto\/solucion-oftyll-monogreen-360-ml\/","og_site_name":"\u00d3pticas Deluxe","article_publisher":"https:\/\/m.facebook.com\/OpticasDeluxe","article_modified_time":"2026-02-19T07:33:55+00:00","og_image":[{"width":287,"height":287,"url":"https:\/\/opticasdeluxe.com\/wp-content\/uploads\/2024\/06\/solucion-oftyll-monogreen-360-ml.jpg","type":"image\/jpeg"}],"twitter_card":"summary_large_image","twitter_site":"@opticasdeluxe","schema":{"@context":"https:\/\/schema.org","@graph":[{"@type":"WebPage","@id":"https:\/\/opticasdeluxe.com\/es-sv\/producto\/solucion-oftyll-monogreen-360-ml\/","url":"https:\/\/opticasdeluxe.com\/es-sv\/producto\/solucion-oftyll-monogreen-360-ml\/","name":"Soluci\u00f3n Oftyll Monogreen 360 Ml - \u00d3pticas Deluxe","isPartOf":{"@id":"https:\/\/opticasdeluxe.com\/es-sv\/#website"},"primaryImageOfPage":{"@id":"https:\/\/opticasdeluxe.com\/es-sv\/producto\/solucion-oftyll-monogreen-360-ml\/#primaryimage"},"image":{"@id":"https:\/\/opticasdeluxe.com\/es-sv\/producto\/solucion-oftyll-monogreen-360-ml\/#primaryimage"},"thumbnailUrl":"https:\/\/opticasdeluxe.com\/wp-content\/uploads\/2024\/06\/solucion-oftyll-monogreen-360-ml.jpg","datePublished":"2024-06-06T13:29:18+00:00","dateModified":"2026-02-19T07:33:55+00:00","breadcrumb":{"@id":"https:\/\/opticasdeluxe.com\/es-sv\/producto\/solucion-oftyll-monogreen-360-ml\/#breadcrumb"},"inLanguage":"es-SV","potentialAction":[{"@type":"ReadAction","target":["https:\/\/opticasdeluxe.com\/es-sv\/producto\/solucion-oftyll-monogreen-360-ml\/"]}]},{"@type":"ImageObject","inLanguage":"es-SV","@id":"https:\/\/opticasdeluxe.com\/es-sv\/producto\/solucion-oftyll-monogreen-360-ml\/#primaryimage","url":"https:\/\/opticasdeluxe.com\/wp-content\/uploads\/2024\/06\/solucion-oftyll-monogreen-360-ml.jpg","contentUrl":"https:\/\/opticasdeluxe.com\/wp-content\/uploads\/2024\/06\/solucion-oftyll-monogreen-360-ml.jpg","width":287,"height":287},{"@type":"BreadcrumbList","@id":"https:\/\/opticasdeluxe.com\/es-sv\/producto\/solucion-oftyll-monogreen-360-ml\/#breadcrumb","itemListElement":[{"@type":"ListItem","position":1,"name":"Home","item":"https:\/\/opticasdeluxe.com\/es-sv\/"},{"@type":"ListItem","position":2,"name":"Soluci\u00f3n Oftyll Monogreen 360 Ml"}]},{"@type":"WebSite","@id":"https:\/\/opticasdeluxe.com\/es-sv\/#website","url":"https:\/\/opticasdeluxe.com\/es-sv\/","name":"\u00d3pticas Deluxe","description":"","publisher":{"@id":"https:\/\/opticasdeluxe.com\/es-sv\/#organization"},"potentialAction":[{"@type":"SearchAction","target":{"@type":"EntryPoint","urlTemplate":"https:\/\/opticasdeluxe.com\/es-sv\/?s={search_term_string}"},"query-input":{"@type":"PropertyValueSpecification","valueRequired":true,"valueName":"search_term_string"}}],"inLanguage":"es-SV"},{"@type":"Organization","@id":"https:\/\/opticasdeluxe.com\/es-sv\/#organization","name":"\u00d3pticas Deluxe","url":"https:\/\/opticasdeluxe.com\/es-sv\/","logo":{"@type":"ImageObject","inLanguage":"es-SV","@id":"https:\/\/opticasdeluxe.com\/es-sv\/#\/schema\/logo\/image\/","url":"https:\/\/opticasdeluxe.com\/wp-content\/uploads\/2023\/12\/opticas-deluxe-mobile-logo.png","contentUrl":"https:\/\/opticasdeluxe.com\/wp-content\/uploads\/2023\/12\/opticas-deluxe-mobile-logo.png","width":234,"height":67,"caption":"\u00d3pticas Deluxe"},"image":{"@id":"https:\/\/opticasdeluxe.com\/es-sv\/#\/schema\/logo\/image\/"},"sameAs":["https:\/\/m.facebook.com\/OpticasDeluxe","https:\/\/x.com\/opticasdeluxe","https:\/\/www.instagram.com\/opticasdeluxe"]}]}},"_links":{"self":[{"href":"https:\/\/opticasdeluxe.com\/es-sv\/wp-json\/wp\/v2\/product\/31622","targetHints":{"allow":["GET"]}}],"collection":[{"href":"https:\/\/opticasdeluxe.com\/es-sv\/wp-json\/wp\/v2\/product"}],"about":[{"href":"https:\/\/opticasdeluxe.com\/es-sv\/wp-json\/wp\/v2\/types\/product"}],"version-history":[{"count":3,"href":"https:\/\/opticasdeluxe.com\/es-sv\/wp-json\/wp\/v2\/product\/31622\/revisions"}],"predecessor-version":[{"id":32386,"href":"https:\/\/opticasdeluxe.com\/es-sv\/wp-json\/wp\/v2\/product\/31622\/revisions\/32386"}],"wp:featuredmedia":[{"embeddable":true,"href":"https:\/\/opticasdeluxe.com\/es-sv\/wp-json\/wp\/v2\/media\/31625"}],"wp:attachment":[{"href":"https:\/\/opticasdeluxe.com\/es-sv\/wp-json\/wp\/v2\/media?parent=31622"}],"wp:term":[{"taxonomy":"product_brand","embeddable":true,"href":"https:\/\/opticasdeluxe.com\/es-sv\/wp-json\/wp\/v2\/product_brand?post=31622"},{"taxonomy":"product_cat","embeddable":true,"href":"https:\/\/opticasdeluxe.com\/es-sv\/wp-json\/wp\/v2\/product_cat?post=31622"},{"taxonomy":"product_tag","embeddable":true,"href":"https:\/\/opticasdeluxe.com\/es-sv\/wp-json\/wp\/v2\/product_tag?post=31622"},{"taxonomy":"giftcard-category","embeddable":true,"href":"https:\/\/opticasdeluxe.com\/es-sv\/wp-json\/wp\/v2\/giftcard-category?post=31622"}],"curies":[{"name":"wp","href":"https:\/\/api.w.org\/{rel}","templated":true}]}}