{"id":265,"date":"2023-12-20T13:13:30","date_gmt":"2023-12-20T13:13:30","guid":{"rendered":"https:\/\/opticasdeluxe.com\/product\/biofinity-toric\/"},"modified":"2026-02-16T13:30:22","modified_gmt":"2026-02-16T13:30:22","slug":"biofinity-toric","status":"publish","type":"product","link":"https:\/\/opticasdeluxe.com\/es-sv\/producto\/biofinity-toric\/","title":{"rendered":"Biofinity\u00ae Toric"},"content":{"rendered":"","protected":false},"excerpt":{"rendered":"","protected":false},"featured_media":267,"template":"","meta":[],"product_brand":[],"product_cat":[23],"product_tag":[],"giftcard-category":[],"class_list":{"0":"post-265","1":"product","2":"type-product","3":"status-publish","4":"has-post-thumbnail","6":"product_cat-lentes-de-contacto","8":"first","9":"instock","10":"featured","11":"shipping-taxable","12":"purchasable","13":"product-type-variable","14":"add-to-wishlist-before_add_to_cart"},"composite_virtual":false,"composite_layout":"","composite_add_to_cart_form_location":"","composite_editable_in_cart":false,"composite_sold_individually_context":"","composite_shop_price_calc":"","composite_components":[],"composite_scenarios":[],"bundled_by":[],"bundle_stock_status":"instock","bundle_stock_quantity":null,"bundle_virtual":false,"bundle_layout":"","bundle_add_to_cart_form_location":"","bundle_editable_in_cart":false,"bundle_sold_individually_context":"","bundle_item_grouping":"","bundle_min_size":"","bundle_max_size":"","bundle_price":[],"bundled_items":[],"bundle_sell_ids":[],"exclude_global_add_ons":[],"addons":[],"yoast_head":"<!-- This site is optimized with the Yoast SEO plugin v26.7 - https:\/\/yoast.com\/wordpress\/plugins\/seo\/ -->\n<title>Get Biofinity\u00ae Toric T\u00f3ricos y Astigmatismo Contact Lenses | Reemplazo Mensual Disposable | \u00d3pticas Deluxe<\/title>\n<meta name=\"description\" content=\"Shop Biofinity Reemplazo Mensual disposable T\u00f3ricos y Astigmatismo contact lenses at \u00d3pticas Deluxe. Enjoy clear vision and comfort for Reemplazo Mensual with our high-quality lenses.\" \/>\n<meta name=\"robots\" content=\"index, follow, max-snippet:-1, max-image-preview:large, max-video-preview:-1\" \/>\n<link rel=\"canonical\" href=\"https:\/\/opticasdeluxe.com\/es-sv\/producto\/biofinity-toric\/\" \/>\n<meta property=\"og:locale\" content=\"es_ES\" \/>\n<meta property=\"og:type\" content=\"article\" \/>\n<meta property=\"og:title\" content=\"Get Biofinity\u00ae Toric T\u00f3ricos y Astigmatismo Contact Lenses | Reemplazo Mensual Disposable | \u00d3pticas Deluxe\" \/>\n<meta property=\"og:description\" content=\"Shop Biofinity Reemplazo Mensual disposable T\u00f3ricos y Astigmatismo contact lenses at \u00d3pticas Deluxe. Enjoy clear vision and comfort for Reemplazo Mensual with our high-quality lenses.\" \/>\n<meta property=\"og:url\" content=\"https:\/\/opticasdeluxe.com\/es-sv\/producto\/biofinity-toric\/\" \/>\n<meta property=\"og:site_name\" content=\"\u00d3pticas Deluxe\" \/>\n<meta property=\"article:publisher\" content=\"https:\/\/m.facebook.com\/OpticasDeluxe\" \/>\n<meta property=\"article:modified_time\" content=\"2026-02-16T13:30:22+00:00\" \/>\n<meta property=\"og:image\" content=\"https:\/\/atttpgdeen.cloudimg.io\/cdn\/n\/n\/_v1Product_\/contact_lenses\/us\/90143.png\" \/>\n\t<meta property=\"og:image:width\" content=\"1002\" \/>\n\t<meta property=\"og:image:height\" content=\"577\" \/>\n\t<meta property=\"og:image:type\" content=\"image\/png\" \/>\n<meta name=\"twitter:card\" content=\"summary_large_image\" \/>\n<meta name=\"twitter:site\" content=\"@opticasdeluxe\" \/>\n<script type=\"application\/ld+json\" class=\"yoast-schema-graph\">{\"@context\":\"https:\/\/schema.org\",\"@graph\":[{\"@type\":\"WebPage\",\"@id\":\"https:\/\/opticasdeluxe.com\/es-sv\/producto\/biofinity-toric\/\",\"url\":\"https:\/\/opticasdeluxe.com\/es-sv\/producto\/biofinity-toric\/\",\"name\":\"Get Biofinity\u00ae Toric T\u00f3ricos y Astigmatismo Contact Lenses | Reemplazo Mensual Disposable | \u00d3pticas Deluxe\",\"isPartOf\":{\"@id\":\"https:\/\/opticasdeluxe.com\/es-sv\/#website\"},\"primaryImageOfPage\":{\"@id\":\"https:\/\/opticasdeluxe.com\/es-sv\/producto\/biofinity-toric\/#primaryimage\"},\"image\":{\"@id\":\"https:\/\/opticasdeluxe.com\/es-sv\/producto\/biofinity-toric\/#primaryimage\"},\"thumbnailUrl\":\"https:\/\/atttpgdeen.cloudimg.io\/cdn\/n\/n\/_v1Product_\/contact_lenses\/us\/90143.png\",\"datePublished\":\"2023-12-20T13:13:30+00:00\",\"dateModified\":\"2026-02-16T13:30:22+00:00\",\"description\":\"Shop Biofinity Reemplazo Mensual disposable T\u00f3ricos y Astigmatismo contact lenses at \u00d3pticas Deluxe. Enjoy clear vision and comfort for Reemplazo Mensual with our high-quality lenses.\",\"breadcrumb\":{\"@id\":\"https:\/\/opticasdeluxe.com\/es-sv\/producto\/biofinity-toric\/#breadcrumb\"},\"inLanguage\":\"es-SV\",\"potentialAction\":[{\"@type\":\"ReadAction\",\"target\":[\"https:\/\/opticasdeluxe.com\/es-sv\/producto\/biofinity-toric\/\"]}]},{\"@type\":\"ImageObject\",\"inLanguage\":\"es-SV\",\"@id\":\"https:\/\/opticasdeluxe.com\/es-sv\/producto\/biofinity-toric\/#primaryimage\",\"url\":\"https:\/\/atttpgdeen.cloudimg.io\/cdn\/n\/n\/_v1Product_\/contact_lenses\/us\/90143.png\",\"contentUrl\":\"https:\/\/atttpgdeen.cloudimg.io\/cdn\/n\/n\/_v1Product_\/contact_lenses\/us\/90143.png\",\"caption\":\"Biofinity\u00ae Toric\"},{\"@type\":\"BreadcrumbList\",\"@id\":\"https:\/\/opticasdeluxe.com\/es-sv\/producto\/biofinity-toric\/#breadcrumb\",\"itemListElement\":[{\"@type\":\"ListItem\",\"position\":1,\"name\":\"Home\",\"item\":\"https:\/\/opticasdeluxe.com\/es-sv\/\"},{\"@type\":\"ListItem\",\"position\":2,\"name\":\"Biofinity\u00ae Toric\"}]},{\"@type\":\"WebSite\",\"@id\":\"https:\/\/opticasdeluxe.com\/es-sv\/#website\",\"url\":\"https:\/\/opticasdeluxe.com\/es-sv\/\",\"name\":\"\u00d3pticas Deluxe\",\"description\":\"\",\"publisher\":{\"@id\":\"https:\/\/opticasdeluxe.com\/es-sv\/#organization\"},\"potentialAction\":[{\"@type\":\"SearchAction\",\"target\":{\"@type\":\"EntryPoint\",\"urlTemplate\":\"https:\/\/opticasdeluxe.com\/es-sv\/?s={search_term_string}\"},\"query-input\":{\"@type\":\"PropertyValueSpecification\",\"valueRequired\":true,\"valueName\":\"search_term_string\"}}],\"inLanguage\":\"es-SV\"},{\"@type\":\"Organization\",\"@id\":\"https:\/\/opticasdeluxe.com\/es-sv\/#organization\",\"name\":\"\u00d3pticas Deluxe\",\"url\":\"https:\/\/opticasdeluxe.com\/es-sv\/\",\"logo\":{\"@type\":\"ImageObject\",\"inLanguage\":\"es-SV\",\"@id\":\"https:\/\/opticasdeluxe.com\/es-sv\/#\/schema\/logo\/image\/\",\"url\":\"https:\/\/opticasdeluxe.com\/wp-content\/uploads\/2023\/12\/opticas-deluxe-mobile-logo.png\",\"contentUrl\":\"https:\/\/opticasdeluxe.com\/wp-content\/uploads\/2023\/12\/opticas-deluxe-mobile-logo.png\",\"width\":234,\"height\":67,\"caption\":\"\u00d3pticas Deluxe\"},\"image\":{\"@id\":\"https:\/\/opticasdeluxe.com\/es-sv\/#\/schema\/logo\/image\/\"},\"sameAs\":[\"https:\/\/m.facebook.com\/OpticasDeluxe\",\"https:\/\/x.com\/opticasdeluxe\",\"https:\/\/www.instagram.com\/opticasdeluxe\"]}]}<\/script>\n<!-- \/ Yoast SEO plugin. -->","yoast_head_json":{"title":"Get Biofinity\u00ae Toric T\u00f3ricos y Astigmatismo Contact Lenses | Reemplazo Mensual Disposable | \u00d3pticas Deluxe","description":"Shop Biofinity Reemplazo Mensual disposable T\u00f3ricos y Astigmatismo contact lenses at \u00d3pticas Deluxe. Enjoy clear vision and comfort for Reemplazo Mensual with our high-quality lenses.","robots":{"index":"index","follow":"follow","max-snippet":"max-snippet:-1","max-image-preview":"max-image-preview:large","max-video-preview":"max-video-preview:-1"},"canonical":"https:\/\/opticasdeluxe.com\/es-sv\/producto\/biofinity-toric\/","og_locale":"es_ES","og_type":"article","og_title":"Get Biofinity\u00ae Toric T\u00f3ricos y Astigmatismo Contact Lenses | Reemplazo Mensual Disposable | \u00d3pticas Deluxe","og_description":"Shop Biofinity Reemplazo Mensual disposable T\u00f3ricos y Astigmatismo contact lenses at \u00d3pticas Deluxe. Enjoy clear vision and comfort for Reemplazo Mensual with our high-quality lenses.","og_url":"https:\/\/opticasdeluxe.com\/es-sv\/producto\/biofinity-toric\/","og_site_name":"\u00d3pticas Deluxe","article_publisher":"https:\/\/m.facebook.com\/OpticasDeluxe","article_modified_time":"2026-02-16T13:30:22+00:00","og_image":[{"url":"https:\/\/atttpgdeen.cloudimg.io\/cdn\/n\/n\/_v1Product_\/contact_lenses\/us\/90143.png","width":1002,"height":577,"type":"image\/png"}],"twitter_card":"summary_large_image","twitter_site":"@opticasdeluxe","schema":{"@context":"https:\/\/schema.org","@graph":[{"@type":"WebPage","@id":"https:\/\/opticasdeluxe.com\/es-sv\/producto\/biofinity-toric\/","url":"https:\/\/opticasdeluxe.com\/es-sv\/producto\/biofinity-toric\/","name":"Get Biofinity\u00ae Toric T\u00f3ricos y Astigmatismo Contact Lenses | Reemplazo Mensual Disposable | \u00d3pticas Deluxe","isPartOf":{"@id":"https:\/\/opticasdeluxe.com\/es-sv\/#website"},"primaryImageOfPage":{"@id":"https:\/\/opticasdeluxe.com\/es-sv\/producto\/biofinity-toric\/#primaryimage"},"image":{"@id":"https:\/\/opticasdeluxe.com\/es-sv\/producto\/biofinity-toric\/#primaryimage"},"thumbnailUrl":"https:\/\/atttpgdeen.cloudimg.io\/cdn\/n\/n\/_v1Product_\/contact_lenses\/us\/90143.png","datePublished":"2023-12-20T13:13:30+00:00","dateModified":"2026-02-16T13:30:22+00:00","description":"Shop Biofinity Reemplazo Mensual disposable T\u00f3ricos y Astigmatismo contact lenses at \u00d3pticas Deluxe. Enjoy clear vision and comfort for Reemplazo Mensual with our high-quality lenses.","breadcrumb":{"@id":"https:\/\/opticasdeluxe.com\/es-sv\/producto\/biofinity-toric\/#breadcrumb"},"inLanguage":"es-SV","potentialAction":[{"@type":"ReadAction","target":["https:\/\/opticasdeluxe.com\/es-sv\/producto\/biofinity-toric\/"]}]},{"@type":"ImageObject","inLanguage":"es-SV","@id":"https:\/\/opticasdeluxe.com\/es-sv\/producto\/biofinity-toric\/#primaryimage","url":"https:\/\/atttpgdeen.cloudimg.io\/cdn\/n\/n\/_v1Product_\/contact_lenses\/us\/90143.png","contentUrl":"https:\/\/atttpgdeen.cloudimg.io\/cdn\/n\/n\/_v1Product_\/contact_lenses\/us\/90143.png","caption":"Biofinity\u00ae Toric"},{"@type":"BreadcrumbList","@id":"https:\/\/opticasdeluxe.com\/es-sv\/producto\/biofinity-toric\/#breadcrumb","itemListElement":[{"@type":"ListItem","position":1,"name":"Home","item":"https:\/\/opticasdeluxe.com\/es-sv\/"},{"@type":"ListItem","position":2,"name":"Biofinity\u00ae Toric"}]},{"@type":"WebSite","@id":"https:\/\/opticasdeluxe.com\/es-sv\/#website","url":"https:\/\/opticasdeluxe.com\/es-sv\/","name":"\u00d3pticas Deluxe","description":"","publisher":{"@id":"https:\/\/opticasdeluxe.com\/es-sv\/#organization"},"potentialAction":[{"@type":"SearchAction","target":{"@type":"EntryPoint","urlTemplate":"https:\/\/opticasdeluxe.com\/es-sv\/?s={search_term_string}"},"query-input":{"@type":"PropertyValueSpecification","valueRequired":true,"valueName":"search_term_string"}}],"inLanguage":"es-SV"},{"@type":"Organization","@id":"https:\/\/opticasdeluxe.com\/es-sv\/#organization","name":"\u00d3pticas Deluxe","url":"https:\/\/opticasdeluxe.com\/es-sv\/","logo":{"@type":"ImageObject","inLanguage":"es-SV","@id":"https:\/\/opticasdeluxe.com\/es-sv\/#\/schema\/logo\/image\/","url":"https:\/\/opticasdeluxe.com\/wp-content\/uploads\/2023\/12\/opticas-deluxe-mobile-logo.png","contentUrl":"https:\/\/opticasdeluxe.com\/wp-content\/uploads\/2023\/12\/opticas-deluxe-mobile-logo.png","width":234,"height":67,"caption":"\u00d3pticas Deluxe"},"image":{"@id":"https:\/\/opticasdeluxe.com\/es-sv\/#\/schema\/logo\/image\/"},"sameAs":["https:\/\/m.facebook.com\/OpticasDeluxe","https:\/\/x.com\/opticasdeluxe","https:\/\/www.instagram.com\/opticasdeluxe"]}]}},"_links":{"self":[{"href":"https:\/\/opticasdeluxe.com\/es-sv\/wp-json\/wp\/v2\/product\/265","targetHints":{"allow":["GET"]}}],"collection":[{"href":"https:\/\/opticasdeluxe.com\/es-sv\/wp-json\/wp\/v2\/product"}],"about":[{"href":"https:\/\/opticasdeluxe.com\/es-sv\/wp-json\/wp\/v2\/types\/product"}],"version-history":[{"count":1,"href":"https:\/\/opticasdeluxe.com\/es-sv\/wp-json\/wp\/v2\/product\/265\/revisions"}],"predecessor-version":[{"id":30481,"href":"https:\/\/opticasdeluxe.com\/es-sv\/wp-json\/wp\/v2\/product\/265\/revisions\/30481"}],"wp:featuredmedia":[{"embeddable":true,"href":"https:\/\/opticasdeluxe.com\/es-sv\/wp-json\/wp\/v2\/media\/267"}],"wp:attachment":[{"href":"https:\/\/opticasdeluxe.com\/es-sv\/wp-json\/wp\/v2\/media?parent=265"}],"wp:term":[{"taxonomy":"product_brand","embeddable":true,"href":"https:\/\/opticasdeluxe.com\/es-sv\/wp-json\/wp\/v2\/product_brand?post=265"},{"taxonomy":"product_cat","embeddable":true,"href":"https:\/\/opticasdeluxe.com\/es-sv\/wp-json\/wp\/v2\/product_cat?post=265"},{"taxonomy":"product_tag","embeddable":true,"href":"https:\/\/opticasdeluxe.com\/es-sv\/wp-json\/wp\/v2\/product_tag?post=265"},{"taxonomy":"giftcard-category","embeddable":true,"href":"https:\/\/opticasdeluxe.com\/es-sv\/wp-json\/wp\/v2\/giftcard-category?post=265"}],"curies":[{"name":"wp","href":"https:\/\/api.w.org\/{rel}","templated":true}]}}