{"id":14729,"date":"2026-02-04T07:27:33","date_gmt":"2026-02-04T07:27:33","guid":{"rendered":"https:\/\/opticasdeluxe.com\/producto\/porsche-design-p8936-black\/"},"modified":"2026-02-04T07:50:05","modified_gmt":"2026-02-04T07:50:05","slug":"porsche-design-p8936-black","status":"publish","type":"product","link":"https:\/\/opticasdeluxe.com\/es-sv\/producto\/porsche-design-p8936-black\/","title":{"rendered":"Porsche Design P8936"},"content":{"rendered":"<p>Para Optica Deluxe es un gusto brindarte aros Porsche Design una de nuestras marcas exclusivas. Este aro P8936 unisex cuidadosamente fabricado en metal disponible en black. Si tienes alguna consulta acerca de Porsche Design, por favor comun\u00edcate y nuestro equipo experto te atender\u00e1.<\/p>","protected":false},"excerpt":{"rendered":"<p>Para Optica Deluxe es un gusto brindarte aros Porsche Design una de nuestras marcas exclusivas. Este aro P8936 unisex cuidadosamente fabricado en metal disponible en black. Si tienes alguna consulta acerca de Porsche Design, por favor comun\u00edcate y nuestro equipo experto te atender\u00e1.<\/p>\n","protected":false},"featured_media":14731,"template":"","meta":[],"product_brand":[],"product_cat":[1067,1096,1068,990,1316,1324],"product_tag":[],"giftcard-category":[],"class_list":{"0":"post-14729","1":"product","2":"type-product","3":"status-publish","4":"has-post-thumbnail","6":"product_cat-gafas-de-sol","7":"product_cat-gafas-de-sol-de-hombre","8":"product_cat-gafas-de-sol-de-mujer","9":"product_cat-marcas","10":"product_cat-porsche-design","11":"product_cat-porsche-design-gafas-de-sol","12":"pa_collection-gafas-de-sol","13":"pa_colour-black","14":"pa_gender-hombre","15":"pa_gender-mujer","16":"pa_material-metal","17":"pa_primary-colour-negro","18":"pa_shape-cuadrado","19":"pa_size-61-14-145","20":"pa_supplier-derigo","21":"pa_virtual-try-on-yes","23":"first","24":"instock","25":"shipping-taxable","26":"purchasable","27":"product-type-variable","28":"add-to-wishlist-before_add_to_cart"},"composite_virtual":false,"composite_layout":"","composite_add_to_cart_form_location":"","composite_editable_in_cart":false,"composite_sold_individually_context":"","composite_shop_price_calc":"","composite_components":[],"composite_scenarios":[],"bundled_by":[],"bundle_stock_status":"instock","bundle_stock_quantity":null,"bundle_virtual":false,"bundle_layout":"","bundle_add_to_cart_form_location":"","bundle_editable_in_cart":false,"bundle_sold_individually_context":"","bundle_item_grouping":"","bundle_min_size":"","bundle_max_size":"","bundle_price":[],"bundled_items":[],"bundle_sell_ids":[],"exclude_global_add_ons":[],"addons":[],"yoast_head":"<!-- This site is optimized with the Yoast SEO plugin v26.7 - https:\/\/yoast.com\/wordpress\/plugins\/seo\/ -->\n<title>Compra gafas de sol Porsche Design P8936 para Hombre, Mujer | \u00d3pticas Deluxe<\/title>\n<meta name=\"description\" content=\"Descubre nuestra selecci\u00f3n de gafas de sol de Porsche Design P8936 en Black en \u00d3pticas Deluxe. Protege tus ojos con estilo con nuestras gafas de sol.\" \/>\n<meta name=\"robots\" content=\"index, follow, max-snippet:-1, max-image-preview:large, max-video-preview:-1\" \/>\n<link rel=\"canonical\" href=\"https:\/\/opticasdeluxe.com\/es-sv\/producto\/porsche-design-p8936-black\/\" \/>\n<meta property=\"og:locale\" content=\"es_ES\" \/>\n<meta property=\"og:type\" content=\"article\" \/>\n<meta property=\"og:title\" content=\"Compra gafas de sol Porsche Design P8936 para Hombre, Mujer | \u00d3pticas Deluxe\" \/>\n<meta property=\"og:description\" content=\"Descubre nuestra selecci\u00f3n de gafas de sol de Porsche Design P8936 en Black en \u00d3pticas Deluxe. Protege tus ojos con estilo con nuestras gafas de sol.\" \/>\n<meta property=\"og:url\" content=\"https:\/\/opticasdeluxe.com\/es-sv\/producto\/porsche-design-p8936-black\/\" \/>\n<meta property=\"og:site_name\" content=\"\u00d3pticas Deluxe\" \/>\n<meta property=\"article:publisher\" content=\"https:\/\/m.facebook.com\/OpticasDeluxe\" \/>\n<meta property=\"article:modified_time\" content=\"2026-02-04T07:50:05+00:00\" \/>\n<meta name=\"twitter:card\" content=\"summary_large_image\" \/>\n<meta name=\"twitter:image\" content=\"https:\/\/atttpgdeen.cloudimg.io\/cdn\/n\/n\/http:\/\/ca.masterdb.co.uk\/\/images\/porsche_design\/porsche_design_p8936_black_ref.jpg\" \/>\n<meta name=\"twitter:site\" content=\"@opticasdeluxe\" \/>\n<script type=\"application\/ld+json\" class=\"yoast-schema-graph\">{\"@context\":\"https:\/\/schema.org\",\"@graph\":[{\"@type\":\"WebPage\",\"@id\":\"https:\/\/opticasdeluxe.com\/es-sv\/producto\/porsche-design-p8936-black\/\",\"url\":\"https:\/\/opticasdeluxe.com\/es-sv\/producto\/porsche-design-p8936-black\/\",\"name\":\"Compra gafas de sol Porsche Design P8936 para Hombre, Mujer | \u00d3pticas Deluxe\",\"isPartOf\":{\"@id\":\"https:\/\/opticasdeluxe.com\/es-sv\/#website\"},\"primaryImageOfPage\":{\"@id\":\"https:\/\/opticasdeluxe.com\/es-sv\/producto\/porsche-design-p8936-black\/#primaryimage\"},\"image\":{\"@id\":\"https:\/\/opticasdeluxe.com\/es-sv\/producto\/porsche-design-p8936-black\/#primaryimage\"},\"thumbnailUrl\":\"https:\/\/atttpgdeen.cloudimg.io\/cdn\/n\/n\/http:\/\/ca.masterdb.co.uk\/\/images\/porsche_design\/porsche_design_p8936_black_ref.jpg\",\"datePublished\":\"2026-02-04T07:27:33+00:00\",\"dateModified\":\"2026-02-04T07:50:05+00:00\",\"description\":\"Descubre nuestra selecci\u00f3n de gafas de sol de Porsche Design P8936 en Black en \u00d3pticas Deluxe. Protege tus ojos con estilo con nuestras gafas de sol.\",\"breadcrumb\":{\"@id\":\"https:\/\/opticasdeluxe.com\/es-sv\/producto\/porsche-design-p8936-black\/#breadcrumb\"},\"inLanguage\":\"es-SV\",\"potentialAction\":[{\"@type\":\"ReadAction\",\"target\":[\"https:\/\/opticasdeluxe.com\/es-sv\/producto\/porsche-design-p8936-black\/\"]}]},{\"@type\":\"ImageObject\",\"inLanguage\":\"es-SV\",\"@id\":\"https:\/\/opticasdeluxe.com\/es-sv\/producto\/porsche-design-p8936-black\/#primaryimage\",\"url\":\"https:\/\/atttpgdeen.cloudimg.io\/cdn\/n\/n\/http:\/\/ca.masterdb.co.uk\/\/images\/porsche_design\/porsche_design_p8936_black_ref.jpg\",\"contentUrl\":\"https:\/\/atttpgdeen.cloudimg.io\/cdn\/n\/n\/http:\/\/ca.masterdb.co.uk\/\/images\/porsche_design\/porsche_design_p8936_black_ref.jpg\"},{\"@type\":\"BreadcrumbList\",\"@id\":\"https:\/\/opticasdeluxe.com\/es-sv\/producto\/porsche-design-p8936-black\/#breadcrumb\",\"itemListElement\":[{\"@type\":\"ListItem\",\"position\":1,\"name\":\"Home\",\"item\":\"https:\/\/opticasdeluxe.com\/es-sv\/\"},{\"@type\":\"ListItem\",\"position\":2,\"name\":\"Porsche Design P8936\"}]},{\"@type\":\"WebSite\",\"@id\":\"https:\/\/opticasdeluxe.com\/es-sv\/#website\",\"url\":\"https:\/\/opticasdeluxe.com\/es-sv\/\",\"name\":\"\u00d3pticas Deluxe\",\"description\":\"\",\"publisher\":{\"@id\":\"https:\/\/opticasdeluxe.com\/es-sv\/#organization\"},\"potentialAction\":[{\"@type\":\"SearchAction\",\"target\":{\"@type\":\"EntryPoint\",\"urlTemplate\":\"https:\/\/opticasdeluxe.com\/es-sv\/?s={search_term_string}\"},\"query-input\":{\"@type\":\"PropertyValueSpecification\",\"valueRequired\":true,\"valueName\":\"search_term_string\"}}],\"inLanguage\":\"es-SV\"},{\"@type\":\"Organization\",\"@id\":\"https:\/\/opticasdeluxe.com\/es-sv\/#organization\",\"name\":\"\u00d3pticas Deluxe\",\"url\":\"https:\/\/opticasdeluxe.com\/es-sv\/\",\"logo\":{\"@type\":\"ImageObject\",\"inLanguage\":\"es-SV\",\"@id\":\"https:\/\/opticasdeluxe.com\/es-sv\/#\/schema\/logo\/image\/\",\"url\":\"https:\/\/opticasdeluxe.com\/wp-content\/uploads\/2023\/12\/opticas-deluxe-mobile-logo.png\",\"contentUrl\":\"https:\/\/opticasdeluxe.com\/wp-content\/uploads\/2023\/12\/opticas-deluxe-mobile-logo.png\",\"width\":234,\"height\":67,\"caption\":\"\u00d3pticas Deluxe\"},\"image\":{\"@id\":\"https:\/\/opticasdeluxe.com\/es-sv\/#\/schema\/logo\/image\/\"},\"sameAs\":[\"https:\/\/m.facebook.com\/OpticasDeluxe\",\"https:\/\/x.com\/opticasdeluxe\",\"https:\/\/www.instagram.com\/opticasdeluxe\"]}]}<\/script>\n<!-- \/ Yoast SEO plugin. -->","yoast_head_json":{"title":"Compra gafas de sol Porsche Design P8936 para Hombre, Mujer | \u00d3pticas Deluxe","description":"Descubre nuestra selecci\u00f3n de gafas de sol de Porsche Design P8936 en Black en \u00d3pticas Deluxe. Protege tus ojos con estilo con nuestras gafas de sol.","robots":{"index":"index","follow":"follow","max-snippet":"max-snippet:-1","max-image-preview":"max-image-preview:large","max-video-preview":"max-video-preview:-1"},"canonical":"https:\/\/opticasdeluxe.com\/es-sv\/producto\/porsche-design-p8936-black\/","og_locale":"es_ES","og_type":"article","og_title":"Compra gafas de sol Porsche Design P8936 para Hombre, Mujer | \u00d3pticas Deluxe","og_description":"Descubre nuestra selecci\u00f3n de gafas de sol de Porsche Design P8936 en Black en \u00d3pticas Deluxe. Protege tus ojos con estilo con nuestras gafas de sol.","og_url":"https:\/\/opticasdeluxe.com\/es-sv\/producto\/porsche-design-p8936-black\/","og_site_name":"\u00d3pticas Deluxe","article_publisher":"https:\/\/m.facebook.com\/OpticasDeluxe","article_modified_time":"2026-02-04T07:50:05+00:00","twitter_card":"summary_large_image","twitter_image":"https:\/\/atttpgdeen.cloudimg.io\/cdn\/n\/n\/http:\/\/ca.masterdb.co.uk\/\/images\/porsche_design\/porsche_design_p8936_black_ref.jpg","twitter_site":"@opticasdeluxe","schema":{"@context":"https:\/\/schema.org","@graph":[{"@type":"WebPage","@id":"https:\/\/opticasdeluxe.com\/es-sv\/producto\/porsche-design-p8936-black\/","url":"https:\/\/opticasdeluxe.com\/es-sv\/producto\/porsche-design-p8936-black\/","name":"Compra gafas de sol Porsche Design P8936 para Hombre, Mujer | \u00d3pticas Deluxe","isPartOf":{"@id":"https:\/\/opticasdeluxe.com\/es-sv\/#website"},"primaryImageOfPage":{"@id":"https:\/\/opticasdeluxe.com\/es-sv\/producto\/porsche-design-p8936-black\/#primaryimage"},"image":{"@id":"https:\/\/opticasdeluxe.com\/es-sv\/producto\/porsche-design-p8936-black\/#primaryimage"},"thumbnailUrl":"https:\/\/atttpgdeen.cloudimg.io\/cdn\/n\/n\/http:\/\/ca.masterdb.co.uk\/\/images\/porsche_design\/porsche_design_p8936_black_ref.jpg","datePublished":"2026-02-04T07:27:33+00:00","dateModified":"2026-02-04T07:50:05+00:00","description":"Descubre nuestra selecci\u00f3n de gafas de sol de Porsche Design P8936 en Black en \u00d3pticas Deluxe. Protege tus ojos con estilo con nuestras gafas de sol.","breadcrumb":{"@id":"https:\/\/opticasdeluxe.com\/es-sv\/producto\/porsche-design-p8936-black\/#breadcrumb"},"inLanguage":"es-SV","potentialAction":[{"@type":"ReadAction","target":["https:\/\/opticasdeluxe.com\/es-sv\/producto\/porsche-design-p8936-black\/"]}]},{"@type":"ImageObject","inLanguage":"es-SV","@id":"https:\/\/opticasdeluxe.com\/es-sv\/producto\/porsche-design-p8936-black\/#primaryimage","url":"https:\/\/atttpgdeen.cloudimg.io\/cdn\/n\/n\/http:\/\/ca.masterdb.co.uk\/\/images\/porsche_design\/porsche_design_p8936_black_ref.jpg","contentUrl":"https:\/\/atttpgdeen.cloudimg.io\/cdn\/n\/n\/http:\/\/ca.masterdb.co.uk\/\/images\/porsche_design\/porsche_design_p8936_black_ref.jpg"},{"@type":"BreadcrumbList","@id":"https:\/\/opticasdeluxe.com\/es-sv\/producto\/porsche-design-p8936-black\/#breadcrumb","itemListElement":[{"@type":"ListItem","position":1,"name":"Home","item":"https:\/\/opticasdeluxe.com\/es-sv\/"},{"@type":"ListItem","position":2,"name":"Porsche Design P8936"}]},{"@type":"WebSite","@id":"https:\/\/opticasdeluxe.com\/es-sv\/#website","url":"https:\/\/opticasdeluxe.com\/es-sv\/","name":"\u00d3pticas Deluxe","description":"","publisher":{"@id":"https:\/\/opticasdeluxe.com\/es-sv\/#organization"},"potentialAction":[{"@type":"SearchAction","target":{"@type":"EntryPoint","urlTemplate":"https:\/\/opticasdeluxe.com\/es-sv\/?s={search_term_string}"},"query-input":{"@type":"PropertyValueSpecification","valueRequired":true,"valueName":"search_term_string"}}],"inLanguage":"es-SV"},{"@type":"Organization","@id":"https:\/\/opticasdeluxe.com\/es-sv\/#organization","name":"\u00d3pticas Deluxe","url":"https:\/\/opticasdeluxe.com\/es-sv\/","logo":{"@type":"ImageObject","inLanguage":"es-SV","@id":"https:\/\/opticasdeluxe.com\/es-sv\/#\/schema\/logo\/image\/","url":"https:\/\/opticasdeluxe.com\/wp-content\/uploads\/2023\/12\/opticas-deluxe-mobile-logo.png","contentUrl":"https:\/\/opticasdeluxe.com\/wp-content\/uploads\/2023\/12\/opticas-deluxe-mobile-logo.png","width":234,"height":67,"caption":"\u00d3pticas Deluxe"},"image":{"@id":"https:\/\/opticasdeluxe.com\/es-sv\/#\/schema\/logo\/image\/"},"sameAs":["https:\/\/m.facebook.com\/OpticasDeluxe","https:\/\/x.com\/opticasdeluxe","https:\/\/www.instagram.com\/opticasdeluxe"]}]}},"_links":{"self":[{"href":"https:\/\/opticasdeluxe.com\/es-sv\/wp-json\/wp\/v2\/product\/14729","targetHints":{"allow":["GET"]}}],"collection":[{"href":"https:\/\/opticasdeluxe.com\/es-sv\/wp-json\/wp\/v2\/product"}],"about":[{"href":"https:\/\/opticasdeluxe.com\/es-sv\/wp-json\/wp\/v2\/types\/product"}],"version-history":[{"count":6,"href":"https:\/\/opticasdeluxe.com\/es-sv\/wp-json\/wp\/v2\/product\/14729\/revisions"}],"predecessor-version":[{"id":36979,"href":"https:\/\/opticasdeluxe.com\/es-sv\/wp-json\/wp\/v2\/product\/14729\/revisions\/36979"}],"wp:featuredmedia":[{"embeddable":true,"href":"https:\/\/opticasdeluxe.com\/es-sv\/wp-json\/wp\/v2\/media\/14731"}],"wp:attachment":[{"href":"https:\/\/opticasdeluxe.com\/es-sv\/wp-json\/wp\/v2\/media?parent=14729"}],"wp:term":[{"taxonomy":"product_brand","embeddable":true,"href":"https:\/\/opticasdeluxe.com\/es-sv\/wp-json\/wp\/v2\/product_brand?post=14729"},{"taxonomy":"product_cat","embeddable":true,"href":"https:\/\/opticasdeluxe.com\/es-sv\/wp-json\/wp\/v2\/product_cat?post=14729"},{"taxonomy":"product_tag","embeddable":true,"href":"https:\/\/opticasdeluxe.com\/es-sv\/wp-json\/wp\/v2\/product_tag?post=14729"},{"taxonomy":"giftcard-category","embeddable":true,"href":"https:\/\/opticasdeluxe.com\/es-sv\/wp-json\/wp\/v2\/giftcard-category?post=14729"}],"curies":[{"name":"wp","href":"https:\/\/api.w.org\/{rel}","templated":true}]}}