{"id":28981,"date":"2024-01-03T13:36:19","date_gmt":"2024-01-03T13:36:19","guid":{"rendered":"https:\/\/staging.opticasdeluxe.com\/politicas-de-devolucion\/"},"modified":"2024-04-15T14:15:59","modified_gmt":"2024-04-15T14:15:59","slug":"politicas-de-devolucion","status":"publish","type":"page","link":"https:\/\/opticasdeluxe.com\/es-sv\/centro-de-ayuda\/politicas-de-devolucion\/","title":{"rendered":"Politicas de Devoluci\u00f3n"},"content":{"rendered":"\t\t<div data-elementor-type=\"wp-page\" data-elementor-id=\"28981\" class=\"elementor elementor-28981 elementor-3174\" data-elementor-post-type=\"page\">\n\t\t\t\t\t\t<section class=\"elementor-section elementor-top-section elementor-element elementor-element-c27ad01 elementor-section-boxed elementor-section-height-default elementor-section-height-default\" data-id=\"c27ad01\" data-element_type=\"section\" data-settings=\"{&quot;ekit_has_onepagescroll_dot&quot;:&quot;yes&quot;}\">\n\t\t\t\t\t\t<div class=\"elementor-container elementor-column-gap-default\">\n\t\t\t\t\t<div class=\"elementor-column elementor-col-100 elementor-top-column elementor-element elementor-element-706cdd2\" data-id=\"706cdd2\" data-element_type=\"column\">\n\t\t\t<div class=\"elementor-widget-wrap elementor-element-populated\">\n\t\t\t\t\t\t<div class=\"elementor-element elementor-element-1fd6335 elementor-hidden-mobile elementor-widget elementor-widget-image\" data-id=\"1fd6335\" data-element_type=\"widget\" data-settings=\"{&quot;ekit_we_effect_on&quot;:&quot;none&quot;}\" data-widget_type=\"image.default\">\n\t\t\t\t<div class=\"elementor-widget-container\">\n\t\t\t\t\t\t\t\t\t\t\t\t\t\t\t<img loading=\"lazy\" decoding=\"async\" width=\"1952\" height=\"601\" src=\"https:\/\/opticasdeluxe.com\/wp-content\/uploads\/2024\/01\/Politica-de-Entregas-y-Reembolso.jpg\" class=\"attachment-full size-full wp-image-3196\" alt=\"\" srcset=\"https:\/\/opticasdeluxe.com\/wp-content\/uploads\/2024\/01\/Politica-de-Entregas-y-Reembolso.jpg 1952w, https:\/\/opticasdeluxe.com\/wp-content\/uploads\/2024\/01\/Politica-de-Entregas-y-Reembolso-700x216.jpg 700w, https:\/\/opticasdeluxe.com\/wp-content\/uploads\/2024\/01\/Politica-de-Entregas-y-Reembolso-600x185.jpg 600w, https:\/\/opticasdeluxe.com\/wp-content\/uploads\/2024\/01\/Politica-de-Entregas-y-Reembolso-300x92.jpg 300w, https:\/\/opticasdeluxe.com\/wp-content\/uploads\/2024\/01\/Politica-de-Entregas-y-Reembolso-1024x315.jpg 1024w, https:\/\/opticasdeluxe.com\/wp-content\/uploads\/2024\/01\/Politica-de-Entregas-y-Reembolso-768x236.jpg 768w, https:\/\/opticasdeluxe.com\/wp-content\/uploads\/2024\/01\/Politica-de-Entregas-y-Reembolso-1536x473.jpg 1536w\" sizes=\"auto, (max-width: 1952px) 100vw, 1952px\" \/>\t\t\t\t\t\t\t\t\t\t\t\t\t\t\t<\/div>\n\t\t\t\t<\/div>\n\t\t\t\t<div class=\"elementor-element elementor-element-6588a53 elementor-hidden-desktop elementor-hidden-laptop elementor-hidden-tablet elementor-widget elementor-widget-image\" data-id=\"6588a53\" data-element_type=\"widget\" data-settings=\"{&quot;ekit_we_effect_on&quot;:&quot;none&quot;}\" data-widget_type=\"image.default\">\n\t\t\t\t<div class=\"elementor-widget-container\">\n\t\t\t\t\t\t\t\t\t\t\t\t\t\t\t<img decoding=\"async\" width=\"686\" height=\"400\" src=\"https:\/\/opticasdeluxe.com\/wp-content\/uploads\/2024\/01\/Politica-de-Entregas-y-Reembolso-mobile.jpg\" class=\"attachment-full size-full wp-image-3213\" alt=\"\" loading=\"lazy\" srcset=\"https:\/\/opticasdeluxe.com\/wp-content\/uploads\/2024\/01\/Politica-de-Entregas-y-Reembolso-mobile.jpg 686w, https:\/\/opticasdeluxe.com\/wp-content\/uploads\/2024\/01\/Politica-de-Entregas-y-Reembolso-mobile-600x350.jpg 600w, https:\/\/opticasdeluxe.com\/wp-content\/uploads\/2024\/01\/Politica-de-Entregas-y-Reembolso-mobile-300x175.jpg 300w\" sizes=\"auto, (max-width: 686px) 100vw, 686px\" \/>\t\t\t\t\t\t\t\t\t\t\t\t\t\t\t<\/div>\n\t\t\t\t<\/div>\n\t\t\t\t<div class=\"elementor-element elementor-element-874fb7d elementor-widget elementor-widget-heading\" data-id=\"874fb7d\" data-element_type=\"widget\" data-settings=\"{&quot;ekit_we_effect_on&quot;:&quot;none&quot;}\" data-widget_type=\"heading.default\">\n\t\t\t\t<div class=\"elementor-widget-container\">\n\t\t\t\t\t<h2 class=\"elementor-heading-title elementor-size-default\">\u00d3pticas Deluxe Store mantiene la propiedad total de los productos hasta que se haya obtenido el pago completo.<\/h2>\t\t\t\t<\/div>\n\t\t\t\t<\/div>\n\t\t\t\t<div class=\"elementor-element elementor-element-a89ddd3 elementor-widget elementor-widget-text-editor\" data-id=\"a89ddd3\" data-element_type=\"widget\" data-settings=\"{&quot;ekit_we_effect_on&quot;:&quot;none&quot;}\" data-widget_type=\"text-editor.default\">\n\t\t\t\t<div class=\"elementor-widget-container\">\n\t\t\t\t\t\t\t\t\tEs posible cancelar su pedido si no se ha enviado. Cont\u00e1ctanos y te ayudaremos. Si su pedido ha sido enviado, deber\u00e1 devolver los productos para recibir un reembolso. No es posible cambiar su pedido una vez que se ha enviado. Esto tambi\u00e9n incluye cambiar el tama\u00f1o o el color de un producto, eliminar un art\u00edculo, cambiar la direcci\u00f3n de entrega o el m\u00e9todo de pago.\n\nTodos los paquetes se env\u00edan desde nuestras oficinas administrativas ubicadas en C.C. Tikal Futura, Torre Sol, 5to nivel, Oficina 5D. Su pedido se enviar\u00e1 dentro de los 2 a 3 d\u00edas h\u00e1biles posteriores a su realizaci\u00f3n si es fuera del departamento de Guatemala.\t\t\t\t\t\t\t\t<\/div>\n\t\t\t\t<\/div>\n\t\t\t\t<section class=\"elementor-section elementor-inner-section elementor-element elementor-element-fadb4ec elementor-reverse-mobile elementor-section-boxed elementor-section-height-default elementor-section-height-default\" data-id=\"fadb4ec\" data-element_type=\"section\" data-settings=\"{&quot;ekit_has_onepagescroll_dot&quot;:&quot;yes&quot;}\">\n\t\t\t\t\t\t<div class=\"elementor-container elementor-column-gap-default\">\n\t\t\t\t\t<div class=\"elementor-column elementor-col-50 elementor-inner-column elementor-element elementor-element-7b61fe0\" data-id=\"7b61fe0\" data-element_type=\"column\">\n\t\t\t<div class=\"elementor-widget-wrap elementor-element-populated\">\n\t\t\t\t\t\t<div class=\"elementor-element elementor-element-6ab917b elementor-widget elementor-widget-text-editor\" data-id=\"6ab917b\" data-element_type=\"widget\" data-settings=\"{&quot;ekit_we_effect_on&quot;:&quot;none&quot;}\" data-widget_type=\"text-editor.default\">\n\t\t\t\t<div class=\"elementor-widget-container\">\n\t\t\t\t\t\t\t\t\t<p>El tiempo normal de entrega del paquete despu\u00e9s de que sali\u00f3 de nuestra oficina es de:<\/p>\n<ul>\n<li>1 d\u00eda h\u00e1bil para el departamento de Guatemala<\/li>\n<li>2 o 3 d\u00edas h\u00e1biles para el resto de departamentos del pais<\/li>\n<\/ul>\n<p>Si nadie est\u00e1 en la direcci\u00f3n cuando nuestra mensajer\u00eda haga la entrega, se deja una nota en el buz\u00f3n y equipo de mensajer\u00eda se va con el paquete. Se realizar\u00e1 otro intento de entrega al d\u00eda siguiente. Se realizar\u00e1n un total de tres intentos de entrega. Si no es posible la entrega, el paquete nos ser\u00e1 devuelto. Cuando encuentre la nota de nuestra mensajer\u00eda en su buz\u00f3n, comun\u00edquese con ellos para coordinar un horario de entrega.<\/p>\n\t\t\t\t\t\t\t\t<\/div>\n\t\t\t\t<\/div>\n\t\t\t\t\t<\/div>\n\t\t<\/div>\n\t\t\t\t<div class=\"elementor-column elementor-col-50 elementor-inner-column elementor-element elementor-element-4646b89\" data-id=\"4646b89\" data-element_type=\"column\">\n\t\t\t<div class=\"elementor-widget-wrap elementor-element-populated\">\n\t\t\t\t\t\t<div class=\"elementor-element elementor-element-80db922 elementor-widget elementor-widget-image\" data-id=\"80db922\" data-element_type=\"widget\" data-settings=\"{&quot;ekit_we_effect_on&quot;:&quot;none&quot;}\" data-widget_type=\"image.default\">\n\t\t\t\t<div class=\"elementor-widget-container\">\n\t\t\t\t\t\t\t\t\t\t\t\t\t\t\t<img decoding=\"async\" width=\"844\" height=\"631\" src=\"https:\/\/opticasdeluxe.com\/wp-content\/uploads\/2024\/01\/Politica-de-Entregas-y-Reembolso2.jpg\" class=\"attachment-full size-full wp-image-3208\" alt=\"\" loading=\"lazy\" srcset=\"https:\/\/opticasdeluxe.com\/wp-content\/uploads\/2024\/01\/Politica-de-Entregas-y-Reembolso2.jpg 844w, https:\/\/opticasdeluxe.com\/wp-content\/uploads\/2024\/01\/Politica-de-Entregas-y-Reembolso2-700x523.jpg 700w, https:\/\/opticasdeluxe.com\/wp-content\/uploads\/2024\/01\/Politica-de-Entregas-y-Reembolso2-600x449.jpg 600w, https:\/\/opticasdeluxe.com\/wp-content\/uploads\/2024\/01\/Politica-de-Entregas-y-Reembolso2-300x224.jpg 300w, https:\/\/opticasdeluxe.com\/wp-content\/uploads\/2024\/01\/Politica-de-Entregas-y-Reembolso2-768x574.jpg 768w\" sizes=\"auto, (max-width: 844px) 100vw, 844px\" \/>\t\t\t\t\t\t\t\t\t\t\t\t\t\t\t<\/div>\n\t\t\t\t<\/div>\n\t\t\t\t\t<\/div>\n\t\t<\/div>\n\t\t\t\t\t<\/div>\n\t\t<\/section>\n\t\t\t\t<div class=\"elementor-element elementor-element-f3a15b4 elementor-widget elementor-widget-heading\" data-id=\"f3a15b4\" data-element_type=\"widget\" data-settings=\"{&quot;ekit_we_effect_on&quot;:&quot;none&quot;}\" data-widget_type=\"heading.default\">\n\t\t\t\t<div class=\"elementor-widget-container\">\n\t\t\t\t\t<h2 class=\"elementor-heading-title elementor-size-default\">Politica de Devoluciones<\/h2>\t\t\t\t<\/div>\n\t\t\t\t<\/div>\n\t\t\t\t<div class=\"elementor-element elementor-element-4cd53ac elementor-widget elementor-widget-text-editor\" data-id=\"4cd53ac\" data-element_type=\"widget\" data-settings=\"{&quot;ekit_we_effect_on&quot;:&quot;none&quot;}\" data-widget_type=\"text-editor.default\">\n\t\t\t\t<div class=\"elementor-widget-container\">\n\t\t\t\t\t\t\t\t\t<p>Queremos que todos nuestros clientes reciban productos de alta calidad. Si hay alg\u00fan problema con el producto que recibi\u00f3 o si su entrega no es id\u00e9ntica a su pedido (producto incorrecto o si falta un producto), comun\u00edquese con nuestro servicio al cliente. Si nos env\u00eda un correo, incluya tantos detalles como sea posible, incluido su n\u00famero de pedido, as\u00ed como una imagen si hay alg\u00fan problema con uno de los productos.<\/p>\n\t\t\t\t\t\t\t\t<\/div>\n\t\t\t\t<\/div>\n\t\t\t\t<div class=\"elementor-element elementor-element-1a19ca2 elementor-widget elementor-widget-heading\" data-id=\"1a19ca2\" data-element_type=\"widget\" data-settings=\"{&quot;ekit_we_effect_on&quot;:&quot;none&quot;}\" data-widget_type=\"heading.default\">\n\t\t\t\t<div class=\"elementor-widget-container\">\n\t\t\t\t\t<h2 class=\"elementor-heading-title elementor-size-default\">Autorizaci\u00f3n de parte de Atenci\u00f3n al Cliente<\/h2>\t\t\t\t<\/div>\n\t\t\t\t<\/div>\n\t\t\t\t<div class=\"elementor-element elementor-element-8f32515 elementor-widget elementor-widget-text-editor\" data-id=\"8f32515\" data-element_type=\"widget\" data-settings=\"{&quot;ekit_we_effect_on&quot;:&quot;none&quot;}\" data-widget_type=\"text-editor.default\">\n\t\t\t\t<div class=\"elementor-widget-container\">\n\t\t\t\t\t\t\t\t\t<p>Luego de que Atenci\u00f3n al cliente junto con Gerencia de Venta autorice la devoluci\u00f3n al paciente, se debe de adjuntar por correo y enviar f\u00edsico OBLIGATORIO:<\/p>\n<ul>\n<li>Recibo Original y Factura Original<\/li>\n<li>Copia de recibo de cancelacion cuando ya se emti\u00f3 factura<\/li>\n<li>Producto fisico que adquir\u00edo el cliente, aros y lentes, lentes de contacto l\u00edquidos, etc<\/li>\n<\/ul>\n<p>Al momento de que se complete la papeler\u00eda inicia el proceso del reintegro, este ser\u00e1 de 48 horas en tiendas de la capital y 4 d\u00edas en departamental.<\/p>\n\t\t\t\t\t\t\t\t<\/div>\n\t\t\t\t<\/div>\n\t\t\t\t\t<\/div>\n\t\t<\/div>\n\t\t\t\t\t<\/div>\n\t\t<\/section>\n\t\t\t\t<\/div>\n\t\t","protected":false},"excerpt":{"rendered":"<p>\u00d3pticas Deluxe Store mantiene la propiedad total de los productos hasta que se haya obtenido el pago completo. Es posible cancelar su pedido si no se ha enviado. Cont\u00e1ctanos y te ayudaremos. Si su pedido ha sido enviado, deber\u00e1 devolver los productos para recibir un reembolso. No es posible cambiar su pedido una vez que [&hellip;]<\/p>\n","protected":false},"author":7,"featured_media":0,"parent":28988,"menu_order":0,"comment_status":"closed","ping_status":"closed","template":"","meta":{"footnotes":""},"class_list":["post-28981","page","type-page","status-publish","hentry"],"yoast_head":"<!-- This site is optimized with the Yoast SEO plugin v26.7 - https:\/\/yoast.com\/wordpress\/plugins\/seo\/ -->\n<title>Politicas de Devoluci\u00f3n - \u00d3pticas Deluxe<\/title>\n<meta name=\"robots\" content=\"index, follow, max-snippet:-1, max-image-preview:large, max-video-preview:-1\" \/>\n<link rel=\"canonical\" href=\"https:\/\/opticasdeluxe.com\/es-sv\/centro-de-ayuda\/politicas-de-devolucion\/\" \/>\n<meta property=\"og:locale\" content=\"es_ES\" \/>\n<meta property=\"og:type\" content=\"article\" \/>\n<meta property=\"og:title\" content=\"Politicas de Devoluci\u00f3n - \u00d3pticas Deluxe\" \/>\n<meta property=\"og:description\" content=\"\u00d3pticas Deluxe Store mantiene la propiedad total de los productos hasta que se haya obtenido el pago completo. Es posible cancelar su pedido si no se ha enviado. Cont\u00e1ctanos y te ayudaremos. Si su pedido ha sido enviado, deber\u00e1 devolver los productos para recibir un reembolso. No es posible cambiar su pedido una vez que [&hellip;]\" \/>\n<meta property=\"og:url\" content=\"https:\/\/opticasdeluxe.com\/es-sv\/centro-de-ayuda\/politicas-de-devolucion\/\" \/>\n<meta property=\"og:site_name\" content=\"\u00d3pticas Deluxe\" \/>\n<meta property=\"article:publisher\" content=\"https:\/\/m.facebook.com\/OpticasDeluxe\" \/>\n<meta property=\"article:modified_time\" content=\"2024-04-15T14:15:59+00:00\" \/>\n<meta property=\"og:image\" content=\"https:\/\/staging.opticasdeluxe.com\/wp-content\/uploads\/2024\/01\/Politica-de-Entregas-y-Reembolso.jpg\" \/>\n<meta name=\"twitter:card\" content=\"summary_large_image\" \/>\n<meta name=\"twitter:site\" content=\"@opticasdeluxe\" \/>\n<script type=\"application\/ld+json\" class=\"yoast-schema-graph\">{\"@context\":\"https:\/\/schema.org\",\"@graph\":[{\"@type\":\"WebPage\",\"@id\":\"https:\/\/opticasdeluxe.com\/es-sv\/centro-de-ayuda\/politicas-de-devolucion\/\",\"url\":\"https:\/\/opticasdeluxe.com\/es-sv\/centro-de-ayuda\/politicas-de-devolucion\/\",\"name\":\"Politicas de Devoluci\u00f3n - \u00d3pticas Deluxe\",\"isPartOf\":{\"@id\":\"https:\/\/opticasdeluxe.com\/es-sv\/#website\"},\"primaryImageOfPage\":{\"@id\":\"https:\/\/opticasdeluxe.com\/es-sv\/centro-de-ayuda\/politicas-de-devolucion\/#primaryimage\"},\"image\":{\"@id\":\"https:\/\/opticasdeluxe.com\/es-sv\/centro-de-ayuda\/politicas-de-devolucion\/#primaryimage\"},\"thumbnailUrl\":\"https:\/\/staging.opticasdeluxe.com\/wp-content\/uploads\/2024\/01\/Politica-de-Entregas-y-Reembolso.jpg\",\"datePublished\":\"2024-01-03T13:36:19+00:00\",\"dateModified\":\"2024-04-15T14:15:59+00:00\",\"breadcrumb\":{\"@id\":\"https:\/\/opticasdeluxe.com\/es-sv\/centro-de-ayuda\/politicas-de-devolucion\/#breadcrumb\"},\"inLanguage\":\"es-SV\",\"potentialAction\":[{\"@type\":\"ReadAction\",\"target\":[\"https:\/\/opticasdeluxe.com\/es-sv\/centro-de-ayuda\/politicas-de-devolucion\/\"]}]},{\"@type\":\"ImageObject\",\"inLanguage\":\"es-SV\",\"@id\":\"https:\/\/opticasdeluxe.com\/es-sv\/centro-de-ayuda\/politicas-de-devolucion\/#primaryimage\",\"url\":\"https:\/\/staging.opticasdeluxe.com\/wp-content\/uploads\/2024\/01\/Politica-de-Entregas-y-Reembolso.jpg\",\"contentUrl\":\"https:\/\/staging.opticasdeluxe.com\/wp-content\/uploads\/2024\/01\/Politica-de-Entregas-y-Reembolso.jpg\"},{\"@type\":\"BreadcrumbList\",\"@id\":\"https:\/\/opticasdeluxe.com\/es-sv\/centro-de-ayuda\/politicas-de-devolucion\/#breadcrumb\",\"itemListElement\":[{\"@type\":\"ListItem\",\"position\":1,\"name\":\"Home\",\"item\":\"https:\/\/opticasdeluxe.com\/es-sv\/\"},{\"@type\":\"ListItem\",\"position\":2,\"name\":\"Centro de Ayuda\",\"item\":\"https:\/\/opticasdeluxe.com\/es-sv\/centro-de-ayuda\/\"},{\"@type\":\"ListItem\",\"position\":3,\"name\":\"Politicas de Devoluci\u00f3n\"}]},{\"@type\":\"WebSite\",\"@id\":\"https:\/\/opticasdeluxe.com\/es-sv\/#website\",\"url\":\"https:\/\/opticasdeluxe.com\/es-sv\/\",\"name\":\"\u00d3pticas Deluxe\",\"description\":\"\",\"publisher\":{\"@id\":\"https:\/\/opticasdeluxe.com\/es-sv\/#organization\"},\"potentialAction\":[{\"@type\":\"SearchAction\",\"target\":{\"@type\":\"EntryPoint\",\"urlTemplate\":\"https:\/\/opticasdeluxe.com\/es-sv\/?s={search_term_string}\"},\"query-input\":{\"@type\":\"PropertyValueSpecification\",\"valueRequired\":true,\"valueName\":\"search_term_string\"}}],\"inLanguage\":\"es-SV\"},{\"@type\":\"Organization\",\"@id\":\"https:\/\/opticasdeluxe.com\/es-sv\/#organization\",\"name\":\"\u00d3pticas Deluxe\",\"url\":\"https:\/\/opticasdeluxe.com\/es-sv\/\",\"logo\":{\"@type\":\"ImageObject\",\"inLanguage\":\"es-SV\",\"@id\":\"https:\/\/opticasdeluxe.com\/es-sv\/#\/schema\/logo\/image\/\",\"url\":\"https:\/\/opticasdeluxe.com\/wp-content\/uploads\/2023\/12\/opticas-deluxe-mobile-logo.png\",\"contentUrl\":\"https:\/\/opticasdeluxe.com\/wp-content\/uploads\/2023\/12\/opticas-deluxe-mobile-logo.png\",\"width\":234,\"height\":67,\"caption\":\"\u00d3pticas Deluxe\"},\"image\":{\"@id\":\"https:\/\/opticasdeluxe.com\/es-sv\/#\/schema\/logo\/image\/\"},\"sameAs\":[\"https:\/\/m.facebook.com\/OpticasDeluxe\",\"https:\/\/x.com\/opticasdeluxe\",\"https:\/\/www.instagram.com\/opticasdeluxe\"]}]}<\/script>\n<!-- \/ Yoast SEO plugin. -->","yoast_head_json":{"title":"Politicas de Devoluci\u00f3n - \u00d3pticas Deluxe","robots":{"index":"index","follow":"follow","max-snippet":"max-snippet:-1","max-image-preview":"max-image-preview:large","max-video-preview":"max-video-preview:-1"},"canonical":"https:\/\/opticasdeluxe.com\/es-sv\/centro-de-ayuda\/politicas-de-devolucion\/","og_locale":"es_ES","og_type":"article","og_title":"Politicas de Devoluci\u00f3n - \u00d3pticas Deluxe","og_description":"\u00d3pticas Deluxe Store mantiene la propiedad total de los productos hasta que se haya obtenido el pago completo. Es posible cancelar su pedido si no se ha enviado. Cont\u00e1ctanos y te ayudaremos. Si su pedido ha sido enviado, deber\u00e1 devolver los productos para recibir un reembolso. No es posible cambiar su pedido una vez que [&hellip;]","og_url":"https:\/\/opticasdeluxe.com\/es-sv\/centro-de-ayuda\/politicas-de-devolucion\/","og_site_name":"\u00d3pticas Deluxe","article_publisher":"https:\/\/m.facebook.com\/OpticasDeluxe","article_modified_time":"2024-04-15T14:15:59+00:00","og_image":[{"url":"https:\/\/staging.opticasdeluxe.com\/wp-content\/uploads\/2024\/01\/Politica-de-Entregas-y-Reembolso.jpg","type":"","width":"","height":""}],"twitter_card":"summary_large_image","twitter_site":"@opticasdeluxe","schema":{"@context":"https:\/\/schema.org","@graph":[{"@type":"WebPage","@id":"https:\/\/opticasdeluxe.com\/es-sv\/centro-de-ayuda\/politicas-de-devolucion\/","url":"https:\/\/opticasdeluxe.com\/es-sv\/centro-de-ayuda\/politicas-de-devolucion\/","name":"Politicas de Devoluci\u00f3n - \u00d3pticas Deluxe","isPartOf":{"@id":"https:\/\/opticasdeluxe.com\/es-sv\/#website"},"primaryImageOfPage":{"@id":"https:\/\/opticasdeluxe.com\/es-sv\/centro-de-ayuda\/politicas-de-devolucion\/#primaryimage"},"image":{"@id":"https:\/\/opticasdeluxe.com\/es-sv\/centro-de-ayuda\/politicas-de-devolucion\/#primaryimage"},"thumbnailUrl":"https:\/\/staging.opticasdeluxe.com\/wp-content\/uploads\/2024\/01\/Politica-de-Entregas-y-Reembolso.jpg","datePublished":"2024-01-03T13:36:19+00:00","dateModified":"2024-04-15T14:15:59+00:00","breadcrumb":{"@id":"https:\/\/opticasdeluxe.com\/es-sv\/centro-de-ayuda\/politicas-de-devolucion\/#breadcrumb"},"inLanguage":"es-SV","potentialAction":[{"@type":"ReadAction","target":["https:\/\/opticasdeluxe.com\/es-sv\/centro-de-ayuda\/politicas-de-devolucion\/"]}]},{"@type":"ImageObject","inLanguage":"es-SV","@id":"https:\/\/opticasdeluxe.com\/es-sv\/centro-de-ayuda\/politicas-de-devolucion\/#primaryimage","url":"https:\/\/staging.opticasdeluxe.com\/wp-content\/uploads\/2024\/01\/Politica-de-Entregas-y-Reembolso.jpg","contentUrl":"https:\/\/staging.opticasdeluxe.com\/wp-content\/uploads\/2024\/01\/Politica-de-Entregas-y-Reembolso.jpg"},{"@type":"BreadcrumbList","@id":"https:\/\/opticasdeluxe.com\/es-sv\/centro-de-ayuda\/politicas-de-devolucion\/#breadcrumb","itemListElement":[{"@type":"ListItem","position":1,"name":"Home","item":"https:\/\/opticasdeluxe.com\/es-sv\/"},{"@type":"ListItem","position":2,"name":"Centro de Ayuda","item":"https:\/\/opticasdeluxe.com\/es-sv\/centro-de-ayuda\/"},{"@type":"ListItem","position":3,"name":"Politicas de Devoluci\u00f3n"}]},{"@type":"WebSite","@id":"https:\/\/opticasdeluxe.com\/es-sv\/#website","url":"https:\/\/opticasdeluxe.com\/es-sv\/","name":"\u00d3pticas Deluxe","description":"","publisher":{"@id":"https:\/\/opticasdeluxe.com\/es-sv\/#organization"},"potentialAction":[{"@type":"SearchAction","target":{"@type":"EntryPoint","urlTemplate":"https:\/\/opticasdeluxe.com\/es-sv\/?s={search_term_string}"},"query-input":{"@type":"PropertyValueSpecification","valueRequired":true,"valueName":"search_term_string"}}],"inLanguage":"es-SV"},{"@type":"Organization","@id":"https:\/\/opticasdeluxe.com\/es-sv\/#organization","name":"\u00d3pticas Deluxe","url":"https:\/\/opticasdeluxe.com\/es-sv\/","logo":{"@type":"ImageObject","inLanguage":"es-SV","@id":"https:\/\/opticasdeluxe.com\/es-sv\/#\/schema\/logo\/image\/","url":"https:\/\/opticasdeluxe.com\/wp-content\/uploads\/2023\/12\/opticas-deluxe-mobile-logo.png","contentUrl":"https:\/\/opticasdeluxe.com\/wp-content\/uploads\/2023\/12\/opticas-deluxe-mobile-logo.png","width":234,"height":67,"caption":"\u00d3pticas Deluxe"},"image":{"@id":"https:\/\/opticasdeluxe.com\/es-sv\/#\/schema\/logo\/image\/"},"sameAs":["https:\/\/m.facebook.com\/OpticasDeluxe","https:\/\/x.com\/opticasdeluxe","https:\/\/www.instagram.com\/opticasdeluxe"]}]}},"_links":{"self":[{"href":"https:\/\/opticasdeluxe.com\/es-sv\/wp-json\/wp\/v2\/pages\/28981","targetHints":{"allow":["GET"]}}],"collection":[{"href":"https:\/\/opticasdeluxe.com\/es-sv\/wp-json\/wp\/v2\/pages"}],"about":[{"href":"https:\/\/opticasdeluxe.com\/es-sv\/wp-json\/wp\/v2\/types\/page"}],"author":[{"embeddable":true,"href":"https:\/\/opticasdeluxe.com\/es-sv\/wp-json\/wp\/v2\/users\/7"}],"replies":[{"embeddable":true,"href":"https:\/\/opticasdeluxe.com\/es-sv\/wp-json\/wp\/v2\/comments?post=28981"}],"version-history":[{"count":4,"href":"https:\/\/opticasdeluxe.com\/es-sv\/wp-json\/wp\/v2\/pages\/28981\/revisions"}],"predecessor-version":[{"id":30252,"href":"https:\/\/opticasdeluxe.com\/es-sv\/wp-json\/wp\/v2\/pages\/28981\/revisions\/30252"}],"up":[{"embeddable":true,"href":"https:\/\/opticasdeluxe.com\/es-sv\/wp-json\/wp\/v2\/pages\/28988"}],"wp:attachment":[{"href":"https:\/\/opticasdeluxe.com\/es-sv\/wp-json\/wp\/v2\/media?parent=28981"}],"curies":[{"name":"wp","href":"https:\/\/api.w.org\/{rel}","templated":true}]}}