{"id":28973,"date":"2024-01-03T13:36:03","date_gmt":"2024-01-03T13:36:03","guid":{"rendered":"https:\/\/staging.opticasdeluxe.com\/pagos\/"},"modified":"2024-04-15T14:15:00","modified_gmt":"2024-04-15T14:15:00","slug":"pagos","status":"publish","type":"page","link":"https:\/\/opticasdeluxe.com\/es-sv\/centro-de-ayuda\/pagos\/","title":{"rendered":"Pagos"},"content":{"rendered":"\t\t<div data-elementor-type=\"wp-page\" data-elementor-id=\"28973\" class=\"elementor elementor-28973 elementor-3172\" data-elementor-post-type=\"page\">\n\t\t\t\t\t\t<section class=\"elementor-section elementor-top-section elementor-element elementor-element-621da09 elementor-section-boxed elementor-section-height-default elementor-section-height-default\" data-id=\"621da09\" data-element_type=\"section\" data-settings=\"{&quot;ekit_has_onepagescroll_dot&quot;:&quot;yes&quot;}\">\n\t\t\t\t\t\t<div class=\"elementor-container elementor-column-gap-default\">\n\t\t\t\t\t<div class=\"elementor-column elementor-col-100 elementor-top-column elementor-element elementor-element-a68fe8b\" data-id=\"a68fe8b\" data-element_type=\"column\">\n\t\t\t<div class=\"elementor-widget-wrap elementor-element-populated\">\n\t\t\t\t\t\t<div class=\"elementor-element elementor-element-36633be elementor-hidden-mobile elementor-widget elementor-widget-image\" data-id=\"36633be\" data-element_type=\"widget\" data-settings=\"{&quot;ekit_we_effect_on&quot;:&quot;none&quot;}\" data-widget_type=\"image.default\">\n\t\t\t\t<div class=\"elementor-widget-container\">\n\t\t\t\t\t\t\t\t\t\t\t\t\t\t\t<img loading=\"lazy\" decoding=\"async\" width=\"1952\" height=\"601\" src=\"https:\/\/opticasdeluxe.com\/wp-content\/uploads\/2024\/01\/Pagos.jpg\" class=\"attachment-full size-full wp-image-3225\" alt=\"\" srcset=\"https:\/\/opticasdeluxe.com\/wp-content\/uploads\/2024\/01\/Pagos.jpg 1952w, https:\/\/opticasdeluxe.com\/wp-content\/uploads\/2024\/01\/Pagos-700x216.jpg 700w, https:\/\/opticasdeluxe.com\/wp-content\/uploads\/2024\/01\/Pagos-600x185.jpg 600w, https:\/\/opticasdeluxe.com\/wp-content\/uploads\/2024\/01\/Pagos-300x92.jpg 300w, https:\/\/opticasdeluxe.com\/wp-content\/uploads\/2024\/01\/Pagos-1024x315.jpg 1024w, https:\/\/opticasdeluxe.com\/wp-content\/uploads\/2024\/01\/Pagos-768x236.jpg 768w, https:\/\/opticasdeluxe.com\/wp-content\/uploads\/2024\/01\/Pagos-1536x473.jpg 1536w\" sizes=\"auto, (max-width: 1952px) 100vw, 1952px\" \/>\t\t\t\t\t\t\t\t\t\t\t\t\t\t\t<\/div>\n\t\t\t\t<\/div>\n\t\t\t\t<div class=\"elementor-element elementor-element-8accf03 elementor-hidden-desktop elementor-hidden-laptop elementor-hidden-tablet elementor-widget elementor-widget-image\" data-id=\"8accf03\" data-element_type=\"widget\" data-settings=\"{&quot;ekit_we_effect_on&quot;:&quot;none&quot;}\" data-widget_type=\"image.default\">\n\t\t\t\t<div class=\"elementor-widget-container\">\n\t\t\t\t\t\t\t\t\t\t\t\t\t\t\t<img loading=\"lazy\" decoding=\"async\" width=\"686\" height=\"400\" src=\"https:\/\/opticasdeluxe.com\/wp-content\/uploads\/2024\/01\/pagos-mobile.jpg\" class=\"attachment-full size-full wp-image-3239\" alt=\"\" srcset=\"https:\/\/opticasdeluxe.com\/wp-content\/uploads\/2024\/01\/pagos-mobile.jpg 686w, https:\/\/opticasdeluxe.com\/wp-content\/uploads\/2024\/01\/pagos-mobile-600x350.jpg 600w, https:\/\/opticasdeluxe.com\/wp-content\/uploads\/2024\/01\/pagos-mobile-300x175.jpg 300w\" sizes=\"auto, (max-width: 686px) 100vw, 686px\" \/>\t\t\t\t\t\t\t\t\t\t\t\t\t\t\t<\/div>\n\t\t\t\t<\/div>\n\t\t\t\t<div class=\"elementor-element elementor-element-430202a elementor-widget elementor-widget-heading\" data-id=\"430202a\" data-element_type=\"widget\" data-settings=\"{&quot;ekit_we_effect_on&quot;:&quot;none&quot;}\" data-widget_type=\"heading.default\">\n\t\t\t\t<div class=\"elementor-widget-container\">\n\t\t\t\t\t<h2 class=\"elementor-heading-title elementor-size-default\">Seguridad del Sitio<\/h2>\t\t\t\t<\/div>\n\t\t\t\t<\/div>\n\t\t\t\t<div class=\"elementor-element elementor-element-0b7afc5 elementor-widget elementor-widget-text-editor\" data-id=\"0b7afc5\" data-element_type=\"widget\" data-settings=\"{&quot;ekit_we_effect_on&quot;:&quot;none&quot;}\" data-widget_type=\"text-editor.default\">\n\t\t\t\t<div class=\"elementor-widget-container\">\n\t\t\t\t\t\t\t\t\t<span class=\"\" title=\"\">Para ayudar a garantizar que su experiencia de compra sea simple y segura. Opticas Deluxe Store utiliza la tecnolog\u00eda Secure Socket Layer (SSL).<\/span> <span class=\"\" title=\"\">Esto encripta y protege los datos que nos env\u00eda a trav\u00e9s de Internet.<\/span> <span title=\"\">Si SSL est\u00e1 habilitado, ver\u00e1 un candado en la parte superior de su navegador y puede hacer clic para obtener informaci\u00f3n sobre el registro del certificado digital SSL.<\/span>\n\nTambi\u00e9n notar\u00e1 que cuando mira el campo de ubicaci\u00f3n (URL) en la parte superior del navegador, ver\u00e1 que comienza con \u2018https:\u2019 en lugar del \u2018http:\u2019 normal. Esto significa que est\u00e1 en modo seguro.\t\t\t\t\t\t\t\t<\/div>\n\t\t\t\t<\/div>\n\t\t\t\t<div class=\"elementor-element elementor-element-a926982 elementor-widget elementor-widget-heading\" data-id=\"a926982\" data-element_type=\"widget\" data-settings=\"{&quot;ekit_we_effect_on&quot;:&quot;none&quot;}\" data-widget_type=\"heading.default\">\n\t\t\t\t<div class=\"elementor-widget-container\">\n\t\t\t\t\t<h2 class=\"elementor-heading-title elementor-size-default\">M\u00e9todos de pago<\/h2>\t\t\t\t<\/div>\n\t\t\t\t<\/div>\n\t\t\t\t<div class=\"elementor-element elementor-element-79fe946 elementor-widget elementor-widget-text-editor\" data-id=\"79fe946\" data-element_type=\"widget\" data-settings=\"{&quot;ekit_we_effect_on&quot;:&quot;none&quot;}\" data-widget_type=\"text-editor.default\">\n\t\t\t\t<div class=\"elementor-widget-container\">\n\t\t\t\t\t\t\t\t\t<p>Aceptamos tarjetas de cr\u00e9dito y d\u00e9bito Visa, MasterCard y American Express. El pago solo se debita de su tarjeta al momento del env\u00edo. Tambi\u00e9n aceptamos Paypal y transferencias bancarias directas.<\/p>\n<p>\u00d3pticas Deluxe Store est\u00e1 registrado en Cybertrust como un sitio seguro. Esto garantiza que su informaci\u00f3n se mantenga privada durante el tr\u00e1nsito entre su navegador web y nuestro servidor web.<\/p>\n\t\t\t\t\t\t\t\t<\/div>\n\t\t\t\t<\/div>\n\t\t\t\t<div class=\"elementor-element elementor-element-3363689 elementor-widget elementor-widget-image\" data-id=\"3363689\" data-element_type=\"widget\" data-settings=\"{&quot;ekit_we_effect_on&quot;:&quot;none&quot;}\" data-widget_type=\"image.default\">\n\t\t\t\t<div class=\"elementor-widget-container\">\n\t\t\t\t\t\t\t\t\t\t\t\t\t\t\t<img loading=\"lazy\" decoding=\"async\" width=\"686\" height=\"74\" src=\"https:\/\/opticasdeluxe.com\/wp-content\/uploads\/2024\/01\/pagos-logos.jpg\" class=\"attachment-full size-full wp-image-3227\" alt=\"\" srcset=\"https:\/\/opticasdeluxe.com\/wp-content\/uploads\/2024\/01\/pagos-logos.jpg 686w, https:\/\/opticasdeluxe.com\/wp-content\/uploads\/2024\/01\/pagos-logos-600x65.jpg 600w, https:\/\/opticasdeluxe.com\/wp-content\/uploads\/2024\/01\/pagos-logos-300x32.jpg 300w\" sizes=\"auto, (max-width: 686px) 100vw, 686px\" \/>\t\t\t\t\t\t\t\t\t\t\t\t\t\t\t<\/div>\n\t\t\t\t<\/div>\n\t\t\t\t<section class=\"elementor-section elementor-inner-section elementor-element elementor-element-1db2f77 elementor-section-boxed elementor-section-height-default elementor-section-height-default\" data-id=\"1db2f77\" data-element_type=\"section\" data-settings=\"{&quot;ekit_has_onepagescroll_dot&quot;:&quot;yes&quot;}\">\n\t\t\t\t\t\t<div class=\"elementor-container elementor-column-gap-default\">\n\t\t\t\t\t<div class=\"elementor-column elementor-col-50 elementor-inner-column elementor-element elementor-element-29e94a7\" data-id=\"29e94a7\" data-element_type=\"column\">\n\t\t\t<div class=\"elementor-widget-wrap elementor-element-populated\">\n\t\t\t\t\t\t<div class=\"elementor-element elementor-element-e3be5be elementor-widget elementor-widget-heading\" data-id=\"e3be5be\" data-element_type=\"widget\" data-settings=\"{&quot;ekit_we_effect_on&quot;:&quot;none&quot;}\" data-widget_type=\"heading.default\">\n\t\t\t\t<div class=\"elementor-widget-container\">\n\t\t\t\t\t<h2 class=\"elementor-heading-title elementor-size-default\">Mastercard\u00ae C\u00f3digo Seguro<\/h2>\t\t\t\t<\/div>\n\t\t\t\t<\/div>\n\t\t\t\t<div class=\"elementor-element elementor-element-cb02cff elementor-widget elementor-widget-text-editor\" data-id=\"cb02cff\" data-element_type=\"widget\" data-settings=\"{&quot;ekit_we_effect_on&quot;:&quot;none&quot;}\" data-widget_type=\"text-editor.default\">\n\t\t\t\t<div class=\"elementor-widget-container\">\n\t\t\t\t\t\t\t\t\t<p>Para darle a\u00fan m\u00e1s confianza para comprar en l\u00ednea con \u00d3pticas Deluxe Store, hemos presentado MasterCard\u00ae SecureCodeTM. Este servicio protege su cuenta de tarjeta existente del uso no autorizado cuando compra con nosotros.<\/p>\n<p>Para utilizar este servicio, primero debe registrarse en el banco u otra organizaci\u00f3n que emiti\u00f3 su tarjeta. Para obtener m\u00e1s informaci\u00f3n, visite el MasterCard\u00ae SecureCode website.<\/p>\n<p>Una vez que se haya registrado y creado su propia contrase\u00f1a privada con el emisor de su tarjeta, se le solicitar\u00e1 autom\u00e1ticamente al finalizar la compra que proporcione esta contrase\u00f1a cada vez que realice una compra. Esto significa que incluso si alguien conoce su n\u00famero de tarjeta de d\u00e9bito, no podr\u00e1 completar una compra sin su contrase\u00f1a privada.<\/p>\n\t\t\t\t\t\t\t\t<\/div>\n\t\t\t\t<\/div>\n\t\t\t\t\t<\/div>\n\t\t<\/div>\n\t\t\t\t<div class=\"elementor-column elementor-col-50 elementor-inner-column elementor-element elementor-element-f21c7e2\" data-id=\"f21c7e2\" data-element_type=\"column\">\n\t\t\t<div class=\"elementor-widget-wrap elementor-element-populated\">\n\t\t\t\t\t\t<div class=\"elementor-element elementor-element-e39b1bb elementor-widget elementor-widget-image\" data-id=\"e39b1bb\" data-element_type=\"widget\" data-settings=\"{&quot;ekit_we_effect_on&quot;:&quot;none&quot;}\" data-widget_type=\"image.default\">\n\t\t\t\t<div class=\"elementor-widget-container\">\n\t\t\t\t\t\t\t\t\t\t\t\t\t\t\t<img loading=\"lazy\" decoding=\"async\" width=\"844\" height=\"739\" src=\"https:\/\/opticasdeluxe.com\/wp-content\/uploads\/2024\/01\/pagos2.jpg\" class=\"attachment-full size-full wp-image-3228\" alt=\"\" srcset=\"https:\/\/opticasdeluxe.com\/wp-content\/uploads\/2024\/01\/pagos2.jpg 844w, https:\/\/opticasdeluxe.com\/wp-content\/uploads\/2024\/01\/pagos2-700x613.jpg 700w, https:\/\/opticasdeluxe.com\/wp-content\/uploads\/2024\/01\/pagos2-600x525.jpg 600w, https:\/\/opticasdeluxe.com\/wp-content\/uploads\/2024\/01\/pagos2-300x263.jpg 300w, https:\/\/opticasdeluxe.com\/wp-content\/uploads\/2024\/01\/pagos2-768x672.jpg 768w\" sizes=\"auto, (max-width: 844px) 100vw, 844px\" \/>\t\t\t\t\t\t\t\t\t\t\t\t\t\t\t<\/div>\n\t\t\t\t<\/div>\n\t\t\t\t\t<\/div>\n\t\t<\/div>\n\t\t\t\t\t<\/div>\n\t\t<\/section>\n\t\t\t\t<div class=\"elementor-element elementor-element-7b6fd6d elementor-widget elementor-widget-text-editor\" data-id=\"7b6fd6d\" data-element_type=\"widget\" data-settings=\"{&quot;ekit_we_effect_on&quot;:&quot;none&quot;}\" data-widget_type=\"text-editor.default\">\n\t\t\t\t<div class=\"elementor-widget-container\">\n\t\t\t\t\t\t\t\t\t<p>Tenga en cuenta: su contrase\u00f1a de MasterCard\u00ae SecureCode no es la contrase\u00f1a de su cuenta de \u00d3pticas Deluxe Store. \u00d3pticas Deluxe Store no tiene acceso a su contrase\u00f1a de MasterCard\u00ae SecureCode.<\/p>\n\t\t\t\t\t\t\t\t<\/div>\n\t\t\t\t<\/div>\n\t\t\t\t<section class=\"elementor-section elementor-inner-section elementor-element elementor-element-7d116cd elementor-section-boxed elementor-section-height-default elementor-section-height-default\" data-id=\"7d116cd\" data-element_type=\"section\" data-settings=\"{&quot;ekit_has_onepagescroll_dot&quot;:&quot;yes&quot;}\">\n\t\t\t\t\t\t<div class=\"elementor-container elementor-column-gap-default\">\n\t\t\t\t\t<div class=\"elementor-column elementor-col-50 elementor-inner-column elementor-element elementor-element-bb964c0\" data-id=\"bb964c0\" data-element_type=\"column\">\n\t\t\t<div class=\"elementor-widget-wrap elementor-element-populated\">\n\t\t\t\t\t\t<div class=\"elementor-element elementor-element-f94937a elementor-widget elementor-widget-image\" data-id=\"f94937a\" data-element_type=\"widget\" data-settings=\"{&quot;ekit_we_effect_on&quot;:&quot;none&quot;}\" data-widget_type=\"image.default\">\n\t\t\t\t<div class=\"elementor-widget-container\">\n\t\t\t\t\t\t\t\t\t\t\t\t\t\t\t<img loading=\"lazy\" decoding=\"async\" width=\"844\" height=\"889\" src=\"https:\/\/opticasdeluxe.com\/wp-content\/uploads\/2024\/01\/pagos3.jpg\" class=\"attachment-full size-full wp-image-3230\" alt=\"\" srcset=\"https:\/\/opticasdeluxe.com\/wp-content\/uploads\/2024\/01\/pagos3.jpg 844w, https:\/\/opticasdeluxe.com\/wp-content\/uploads\/2024\/01\/pagos3-700x737.jpg 700w, https:\/\/opticasdeluxe.com\/wp-content\/uploads\/2024\/01\/pagos3-600x632.jpg 600w, https:\/\/opticasdeluxe.com\/wp-content\/uploads\/2024\/01\/pagos3-285x300.jpg 285w, https:\/\/opticasdeluxe.com\/wp-content\/uploads\/2024\/01\/pagos3-768x809.jpg 768w\" sizes=\"auto, (max-width: 844px) 100vw, 844px\" \/>\t\t\t\t\t\t\t\t\t\t\t\t\t\t\t<\/div>\n\t\t\t\t<\/div>\n\t\t\t\t\t<\/div>\n\t\t<\/div>\n\t\t\t\t<div class=\"elementor-column elementor-col-50 elementor-inner-column elementor-element elementor-element-f476156\" data-id=\"f476156\" data-element_type=\"column\">\n\t\t\t<div class=\"elementor-widget-wrap elementor-element-populated\">\n\t\t\t\t\t\t<div class=\"elementor-element elementor-element-29a9e74 elementor-widget elementor-widget-heading\" data-id=\"29a9e74\" data-element_type=\"widget\" data-settings=\"{&quot;ekit_we_effect_on&quot;:&quot;none&quot;}\" data-widget_type=\"heading.default\">\n\t\t\t\t<div class=\"elementor-widget-container\">\n\t\t\t\t\t<h2 class=\"elementor-heading-title elementor-size-default\">Compras m\u00e1s r\u00e1pidas<\/h2>\t\t\t\t<\/div>\n\t\t\t\t<\/div>\n\t\t\t\t<div class=\"elementor-element elementor-element-90d5089 elementor-widget elementor-widget-text-editor\" data-id=\"90d5089\" data-element_type=\"widget\" data-settings=\"{&quot;ekit_we_effect_on&quot;:&quot;none&quot;}\" data-widget_type=\"text-editor.default\">\n\t\t\t\t<div class=\"elementor-widget-container\">\n\t\t\t\t\t\t\t\t\t<p>\u00d3pticas Deluxe Store tambi\u00e9n le ofrece la opci\u00f3n de almacenar de forma segura los datos de su tarjeta de cr\u00e9dito, lo que hace que sea m\u00e1s r\u00e1pido y sencillo comprar con nosotros. Nunca se mostrar\u00e1n los detalles completos de su tarjeta, excepto los \u00faltimos cuatro d\u00edgitos para que sepa cu\u00e1l de sus tarjetas est\u00e1 utilizando. Puede eliminar los detalles de su tarjeta desmarcando la casilla \u00abrecordar los detalles de mi pago\u00bb en la p\u00e1gina de pago.<\/p>\n<p>Tenga en cuenta que deber\u00e1 volver a ingresar los detalles de la tarjeta si cambia o agrega una nueva direcci\u00f3n. Esto significa que si alguien adivina su contrase\u00f1a e intenta realizar un pedido con su cuenta, no podr\u00e1 hacerlo en ninguna direcci\u00f3n que no sea la que ya ha guardado. Esperamos que comprenda que esta es una precauci\u00f3n valiosa dise\u00f1ada para proteger su informaci\u00f3n personal.<\/p>\n\t\t\t\t\t\t\t\t<\/div>\n\t\t\t\t<\/div>\n\t\t\t\t\t<\/div>\n\t\t<\/div>\n\t\t\t\t\t<\/div>\n\t\t<\/section>\n\t\t\t\t\t<\/div>\n\t\t<\/div>\n\t\t\t\t\t<\/div>\n\t\t<\/section>\n\t\t\t\t<\/div>\n\t\t","protected":false},"excerpt":{"rendered":"<p>Seguridad del Sitio Para ayudar a garantizar que su experiencia de compra sea simple y segura. Opticas Deluxe Store utiliza la tecnolog\u00eda Secure Socket Layer (SSL). Esto encripta y protege los datos que nos env\u00eda a trav\u00e9s de Internet. Si SSL est\u00e1 habilitado, ver\u00e1 un candado en la parte superior de su navegador y puede [&hellip;]<\/p>\n","protected":false},"author":7,"featured_media":0,"parent":28988,"menu_order":0,"comment_status":"closed","ping_status":"closed","template":"","meta":{"footnotes":""},"class_list":["post-28973","page","type-page","status-publish","hentry"],"yoast_head":"<!-- This site is optimized with the Yoast SEO plugin v26.7 - https:\/\/yoast.com\/wordpress\/plugins\/seo\/ -->\n<title>Pagos - \u00d3pticas Deluxe<\/title>\n<meta name=\"robots\" content=\"index, follow, max-snippet:-1, max-image-preview:large, max-video-preview:-1\" \/>\n<link rel=\"canonical\" href=\"https:\/\/opticasdeluxe.com\/es-sv\/centro-de-ayuda\/pagos\/\" \/>\n<meta property=\"og:locale\" content=\"es_ES\" \/>\n<meta property=\"og:type\" content=\"article\" \/>\n<meta property=\"og:title\" content=\"Pagos - \u00d3pticas Deluxe\" \/>\n<meta property=\"og:description\" content=\"Seguridad del Sitio Para ayudar a garantizar que su experiencia de compra sea simple y segura. Opticas Deluxe Store utiliza la tecnolog\u00eda Secure Socket Layer (SSL). Esto encripta y protege los datos que nos env\u00eda a trav\u00e9s de Internet. Si SSL est\u00e1 habilitado, ver\u00e1 un candado en la parte superior de su navegador y puede [&hellip;]\" \/>\n<meta property=\"og:url\" content=\"https:\/\/opticasdeluxe.com\/es-sv\/centro-de-ayuda\/pagos\/\" \/>\n<meta property=\"og:site_name\" content=\"\u00d3pticas Deluxe\" \/>\n<meta property=\"article:publisher\" content=\"https:\/\/m.facebook.com\/OpticasDeluxe\" \/>\n<meta property=\"article:modified_time\" content=\"2024-04-15T14:15:00+00:00\" \/>\n<meta property=\"og:image\" content=\"https:\/\/staging.opticasdeluxe.com\/wp-content\/uploads\/2024\/01\/Pagos.jpg\" \/>\n<meta name=\"twitter:card\" content=\"summary_large_image\" \/>\n<meta name=\"twitter:site\" content=\"@opticasdeluxe\" \/>\n<script type=\"application\/ld+json\" class=\"yoast-schema-graph\">{\"@context\":\"https:\/\/schema.org\",\"@graph\":[{\"@type\":\"WebPage\",\"@id\":\"https:\/\/opticasdeluxe.com\/es-sv\/centro-de-ayuda\/pagos\/\",\"url\":\"https:\/\/opticasdeluxe.com\/es-sv\/centro-de-ayuda\/pagos\/\",\"name\":\"Pagos - \u00d3pticas Deluxe\",\"isPartOf\":{\"@id\":\"https:\/\/opticasdeluxe.com\/es-sv\/#website\"},\"primaryImageOfPage\":{\"@id\":\"https:\/\/opticasdeluxe.com\/es-sv\/centro-de-ayuda\/pagos\/#primaryimage\"},\"image\":{\"@id\":\"https:\/\/opticasdeluxe.com\/es-sv\/centro-de-ayuda\/pagos\/#primaryimage\"},\"thumbnailUrl\":\"https:\/\/staging.opticasdeluxe.com\/wp-content\/uploads\/2024\/01\/Pagos.jpg\",\"datePublished\":\"2024-01-03T13:36:03+00:00\",\"dateModified\":\"2024-04-15T14:15:00+00:00\",\"breadcrumb\":{\"@id\":\"https:\/\/opticasdeluxe.com\/es-sv\/centro-de-ayuda\/pagos\/#breadcrumb\"},\"inLanguage\":\"es-SV\",\"potentialAction\":[{\"@type\":\"ReadAction\",\"target\":[\"https:\/\/opticasdeluxe.com\/es-sv\/centro-de-ayuda\/pagos\/\"]}]},{\"@type\":\"ImageObject\",\"inLanguage\":\"es-SV\",\"@id\":\"https:\/\/opticasdeluxe.com\/es-sv\/centro-de-ayuda\/pagos\/#primaryimage\",\"url\":\"https:\/\/staging.opticasdeluxe.com\/wp-content\/uploads\/2024\/01\/Pagos.jpg\",\"contentUrl\":\"https:\/\/staging.opticasdeluxe.com\/wp-content\/uploads\/2024\/01\/Pagos.jpg\"},{\"@type\":\"BreadcrumbList\",\"@id\":\"https:\/\/opticasdeluxe.com\/es-sv\/centro-de-ayuda\/pagos\/#breadcrumb\",\"itemListElement\":[{\"@type\":\"ListItem\",\"position\":1,\"name\":\"Home\",\"item\":\"https:\/\/opticasdeluxe.com\/es-sv\/\"},{\"@type\":\"ListItem\",\"position\":2,\"name\":\"Centro de Ayuda\",\"item\":\"https:\/\/opticasdeluxe.com\/es-sv\/centro-de-ayuda\/\"},{\"@type\":\"ListItem\",\"position\":3,\"name\":\"Pagos\"}]},{\"@type\":\"WebSite\",\"@id\":\"https:\/\/opticasdeluxe.com\/es-sv\/#website\",\"url\":\"https:\/\/opticasdeluxe.com\/es-sv\/\",\"name\":\"\u00d3pticas Deluxe\",\"description\":\"\",\"publisher\":{\"@id\":\"https:\/\/opticasdeluxe.com\/es-sv\/#organization\"},\"potentialAction\":[{\"@type\":\"SearchAction\",\"target\":{\"@type\":\"EntryPoint\",\"urlTemplate\":\"https:\/\/opticasdeluxe.com\/es-sv\/?s={search_term_string}\"},\"query-input\":{\"@type\":\"PropertyValueSpecification\",\"valueRequired\":true,\"valueName\":\"search_term_string\"}}],\"inLanguage\":\"es-SV\"},{\"@type\":\"Organization\",\"@id\":\"https:\/\/opticasdeluxe.com\/es-sv\/#organization\",\"name\":\"\u00d3pticas Deluxe\",\"url\":\"https:\/\/opticasdeluxe.com\/es-sv\/\",\"logo\":{\"@type\":\"ImageObject\",\"inLanguage\":\"es-SV\",\"@id\":\"https:\/\/opticasdeluxe.com\/es-sv\/#\/schema\/logo\/image\/\",\"url\":\"https:\/\/opticasdeluxe.com\/wp-content\/uploads\/2023\/12\/opticas-deluxe-mobile-logo.png\",\"contentUrl\":\"https:\/\/opticasdeluxe.com\/wp-content\/uploads\/2023\/12\/opticas-deluxe-mobile-logo.png\",\"width\":234,\"height\":67,\"caption\":\"\u00d3pticas Deluxe\"},\"image\":{\"@id\":\"https:\/\/opticasdeluxe.com\/es-sv\/#\/schema\/logo\/image\/\"},\"sameAs\":[\"https:\/\/m.facebook.com\/OpticasDeluxe\",\"https:\/\/x.com\/opticasdeluxe\",\"https:\/\/www.instagram.com\/opticasdeluxe\"]}]}<\/script>\n<!-- \/ Yoast SEO plugin. -->","yoast_head_json":{"title":"Pagos - \u00d3pticas Deluxe","robots":{"index":"index","follow":"follow","max-snippet":"max-snippet:-1","max-image-preview":"max-image-preview:large","max-video-preview":"max-video-preview:-1"},"canonical":"https:\/\/opticasdeluxe.com\/es-sv\/centro-de-ayuda\/pagos\/","og_locale":"es_ES","og_type":"article","og_title":"Pagos - \u00d3pticas Deluxe","og_description":"Seguridad del Sitio Para ayudar a garantizar que su experiencia de compra sea simple y segura. Opticas Deluxe Store utiliza la tecnolog\u00eda Secure Socket Layer (SSL). Esto encripta y protege los datos que nos env\u00eda a trav\u00e9s de Internet. Si SSL est\u00e1 habilitado, ver\u00e1 un candado en la parte superior de su navegador y puede [&hellip;]","og_url":"https:\/\/opticasdeluxe.com\/es-sv\/centro-de-ayuda\/pagos\/","og_site_name":"\u00d3pticas Deluxe","article_publisher":"https:\/\/m.facebook.com\/OpticasDeluxe","article_modified_time":"2024-04-15T14:15:00+00:00","og_image":[{"url":"https:\/\/staging.opticasdeluxe.com\/wp-content\/uploads\/2024\/01\/Pagos.jpg","type":"","width":"","height":""}],"twitter_card":"summary_large_image","twitter_site":"@opticasdeluxe","schema":{"@context":"https:\/\/schema.org","@graph":[{"@type":"WebPage","@id":"https:\/\/opticasdeluxe.com\/es-sv\/centro-de-ayuda\/pagos\/","url":"https:\/\/opticasdeluxe.com\/es-sv\/centro-de-ayuda\/pagos\/","name":"Pagos - \u00d3pticas Deluxe","isPartOf":{"@id":"https:\/\/opticasdeluxe.com\/es-sv\/#website"},"primaryImageOfPage":{"@id":"https:\/\/opticasdeluxe.com\/es-sv\/centro-de-ayuda\/pagos\/#primaryimage"},"image":{"@id":"https:\/\/opticasdeluxe.com\/es-sv\/centro-de-ayuda\/pagos\/#primaryimage"},"thumbnailUrl":"https:\/\/staging.opticasdeluxe.com\/wp-content\/uploads\/2024\/01\/Pagos.jpg","datePublished":"2024-01-03T13:36:03+00:00","dateModified":"2024-04-15T14:15:00+00:00","breadcrumb":{"@id":"https:\/\/opticasdeluxe.com\/es-sv\/centro-de-ayuda\/pagos\/#breadcrumb"},"inLanguage":"es-SV","potentialAction":[{"@type":"ReadAction","target":["https:\/\/opticasdeluxe.com\/es-sv\/centro-de-ayuda\/pagos\/"]}]},{"@type":"ImageObject","inLanguage":"es-SV","@id":"https:\/\/opticasdeluxe.com\/es-sv\/centro-de-ayuda\/pagos\/#primaryimage","url":"https:\/\/staging.opticasdeluxe.com\/wp-content\/uploads\/2024\/01\/Pagos.jpg","contentUrl":"https:\/\/staging.opticasdeluxe.com\/wp-content\/uploads\/2024\/01\/Pagos.jpg"},{"@type":"BreadcrumbList","@id":"https:\/\/opticasdeluxe.com\/es-sv\/centro-de-ayuda\/pagos\/#breadcrumb","itemListElement":[{"@type":"ListItem","position":1,"name":"Home","item":"https:\/\/opticasdeluxe.com\/es-sv\/"},{"@type":"ListItem","position":2,"name":"Centro de Ayuda","item":"https:\/\/opticasdeluxe.com\/es-sv\/centro-de-ayuda\/"},{"@type":"ListItem","position":3,"name":"Pagos"}]},{"@type":"WebSite","@id":"https:\/\/opticasdeluxe.com\/es-sv\/#website","url":"https:\/\/opticasdeluxe.com\/es-sv\/","name":"\u00d3pticas Deluxe","description":"","publisher":{"@id":"https:\/\/opticasdeluxe.com\/es-sv\/#organization"},"potentialAction":[{"@type":"SearchAction","target":{"@type":"EntryPoint","urlTemplate":"https:\/\/opticasdeluxe.com\/es-sv\/?s={search_term_string}"},"query-input":{"@type":"PropertyValueSpecification","valueRequired":true,"valueName":"search_term_string"}}],"inLanguage":"es-SV"},{"@type":"Organization","@id":"https:\/\/opticasdeluxe.com\/es-sv\/#organization","name":"\u00d3pticas Deluxe","url":"https:\/\/opticasdeluxe.com\/es-sv\/","logo":{"@type":"ImageObject","inLanguage":"es-SV","@id":"https:\/\/opticasdeluxe.com\/es-sv\/#\/schema\/logo\/image\/","url":"https:\/\/opticasdeluxe.com\/wp-content\/uploads\/2023\/12\/opticas-deluxe-mobile-logo.png","contentUrl":"https:\/\/opticasdeluxe.com\/wp-content\/uploads\/2023\/12\/opticas-deluxe-mobile-logo.png","width":234,"height":67,"caption":"\u00d3pticas Deluxe"},"image":{"@id":"https:\/\/opticasdeluxe.com\/es-sv\/#\/schema\/logo\/image\/"},"sameAs":["https:\/\/m.facebook.com\/OpticasDeluxe","https:\/\/x.com\/opticasdeluxe","https:\/\/www.instagram.com\/opticasdeluxe"]}]}},"_links":{"self":[{"href":"https:\/\/opticasdeluxe.com\/es-sv\/wp-json\/wp\/v2\/pages\/28973","targetHints":{"allow":["GET"]}}],"collection":[{"href":"https:\/\/opticasdeluxe.com\/es-sv\/wp-json\/wp\/v2\/pages"}],"about":[{"href":"https:\/\/opticasdeluxe.com\/es-sv\/wp-json\/wp\/v2\/types\/page"}],"author":[{"embeddable":true,"href":"https:\/\/opticasdeluxe.com\/es-sv\/wp-json\/wp\/v2\/users\/7"}],"replies":[{"embeddable":true,"href":"https:\/\/opticasdeluxe.com\/es-sv\/wp-json\/wp\/v2\/comments?post=28973"}],"version-history":[{"count":4,"href":"https:\/\/opticasdeluxe.com\/es-sv\/wp-json\/wp\/v2\/pages\/28973\/revisions"}],"predecessor-version":[{"id":30248,"href":"https:\/\/opticasdeluxe.com\/es-sv\/wp-json\/wp\/v2\/pages\/28973\/revisions\/30248"}],"up":[{"embeddable":true,"href":"https:\/\/opticasdeluxe.com\/es-sv\/wp-json\/wp\/v2\/pages\/28988"}],"wp:attachment":[{"href":"https:\/\/opticasdeluxe.com\/es-sv\/wp-json\/wp\/v2\/media?parent=28973"}],"curies":[{"name":"wp","href":"https:\/\/api.w.org\/{rel}","templated":true}]}}