{"id":28938,"date":"2024-01-03T11:06:55","date_gmt":"2024-01-03T11:06:55","guid":{"rendered":"https:\/\/staging.opticasdeluxe.com\/lentes-graduados\/lentes-bifocales\/"},"modified":"2024-03-21T06:39:01","modified_gmt":"2024-03-21T06:39:01","slug":"lentes-bifocales","status":"publish","type":"page","link":"https:\/\/opticasdeluxe.com\/es-sv\/lentes-graduados\/lentes-bifocales\/","title":{"rendered":"Lentes Bifocales"},"content":{"rendered":"\t\t<div data-elementor-type=\"wp-page\" data-elementor-id=\"28938\" class=\"elementor elementor-28938 elementor-2934\" data-elementor-post-type=\"page\">\n\t\t\t\t\t\t<section class=\"elementor-section elementor-top-section elementor-element elementor-element-1806796 elementor-section-boxed elementor-section-height-default elementor-section-height-default\" data-id=\"1806796\" data-element_type=\"section\" data-settings=\"{&quot;ekit_has_onepagescroll_dot&quot;:&quot;yes&quot;}\">\n\t\t\t\t\t\t<div class=\"elementor-container elementor-column-gap-default\">\n\t\t\t\t\t<div class=\"elementor-column elementor-col-100 elementor-top-column elementor-element elementor-element-d97b85f\" data-id=\"d97b85f\" data-element_type=\"column\">\n\t\t\t<div class=\"elementor-widget-wrap elementor-element-populated\">\n\t\t\t\t\t\t<div class=\"elementor-element elementor-element-47abb50 elementor-widget elementor-widget-image\" data-id=\"47abb50\" data-element_type=\"widget\" data-settings=\"{&quot;ekit_we_effect_on&quot;:&quot;none&quot;}\" data-widget_type=\"image.default\">\n\t\t\t\t<div class=\"elementor-widget-container\">\n\t\t\t\t\t\t\t\t\t\t\t\t\t\t\t<img loading=\"lazy\" decoding=\"async\" width=\"531\" height=\"308\" src=\"https:\/\/opticasdeluxe.com\/wp-content\/uploads\/2024\/03\/Bifocales-min.png\" class=\"attachment-full size-full wp-image-15890\" alt=\"\" srcset=\"https:\/\/opticasdeluxe.com\/wp-content\/uploads\/2024\/03\/Bifocales-min.png 531w, https:\/\/opticasdeluxe.com\/wp-content\/uploads\/2024\/03\/Bifocales-min-300x174.png 300w, https:\/\/opticasdeluxe.com\/wp-content\/uploads\/2024\/03\/Bifocales-min-150x87.png 150w\" sizes=\"auto, (max-width: 531px) 100vw, 531px\" \/>\t\t\t\t\t\t\t\t\t\t\t\t\t\t\t<\/div>\n\t\t\t\t<\/div>\n\t\t\t\t<div class=\"elementor-element elementor-element-164168d elementor-widget elementor-widget-text-editor\" data-id=\"164168d\" data-element_type=\"widget\" data-settings=\"{&quot;ekit_we_effect_on&quot;:&quot;none&quot;}\" data-widget_type=\"text-editor.default\">\n\t\t\t\t<div class=\"elementor-widget-container\">\n\t\t\t\t\t\t\t\t\t<p>Como su nombre lo indica los bifocales son lentes que cuentan con dos focos o dos potencias en un mismo lente, esto se logra incorporando un peque\u00f1o segmento en forma de medialuna o semi-circulo en la parte inferior, de esta manera el lente es dividido en dos porciones, una porci\u00f3n superior que sirve para enfocar objetos lejanos y otra inferior con potencia para enfocar objetos cercanos.<\/p>\n<p>Estos lentes est\u00e1n indicados principalmente en pacientes adultos con presbicia, aunque en casos especiales pueden ser formulados a ni\u00f1os y adolescentes.<\/p>\n\t\t\t\t\t\t\t\t<\/div>\n\t\t\t\t<\/div>\n\t\t\t\t<div class=\"elementor-element elementor-element-0b278b2 elementor-widget elementor-widget-heading\" data-id=\"0b278b2\" data-element_type=\"widget\" data-settings=\"{&quot;ekit_we_effect_on&quot;:&quot;none&quot;}\" data-widget_type=\"heading.default\">\n\t\t\t\t<div class=\"elementor-widget-container\">\n\t\t\t\t\t<h2 class=\"elementor-heading-title elementor-size-default\">Bifocal flat top<\/h2>\t\t\t\t<\/div>\n\t\t\t\t<\/div>\n\t\t\t\t<div class=\"elementor-element elementor-element-a3d491c caption-image elementor-widget elementor-widget-image\" data-id=\"a3d491c\" data-element_type=\"widget\" data-settings=\"{&quot;ekit_we_effect_on&quot;:&quot;none&quot;}\" data-widget_type=\"image.default\">\n\t\t\t\t<div class=\"elementor-widget-container\">\n\t\t\t\t\t\t\t\t\t\t\t\t\t\t\t<img loading=\"lazy\" decoding=\"async\" width=\"600\" height=\"400\" src=\"https:\/\/opticasdeluxe.com\/wp-content\/uploads\/2024\/03\/bifocal-flat-top.jpg\" class=\"attachment-full size-full wp-image-15960\" alt=\"Una montura con solapa Bifocal superior\" srcset=\"https:\/\/opticasdeluxe.com\/wp-content\/uploads\/2024\/03\/bifocal-flat-top.jpg 600w, https:\/\/opticasdeluxe.com\/wp-content\/uploads\/2024\/03\/bifocal-flat-top-300x200.jpg 300w, https:\/\/opticasdeluxe.com\/wp-content\/uploads\/2024\/03\/bifocal-flat-top-150x100.jpg 150w\" sizes=\"auto, (max-width: 600px) 100vw, 600px\" \/>\t\t\t\t\t\t\t\t\t\t\t\t\t\t\t<\/div>\n\t\t\t\t<\/div>\n\t\t\t\t<div class=\"elementor-element elementor-element-2194520 elementor-widget elementor-widget-heading\" data-id=\"2194520\" data-element_type=\"widget\" data-settings=\"{&quot;ekit_we_effect_on&quot;:&quot;none&quot;}\" data-widget_type=\"heading.default\">\n\t\t\t\t<div class=\"elementor-widget-container\">\n\t\t\t\t\t<h2 class=\"elementor-heading-title elementor-size-default\">Bifocal Invisible<\/h2>\t\t\t\t<\/div>\n\t\t\t\t<\/div>\n\t\t\t\t<div class=\"elementor-element elementor-element-d3d546f caption-image elementor-widget elementor-widget-image\" data-id=\"d3d546f\" data-element_type=\"widget\" data-settings=\"{&quot;ekit_we_effect_on&quot;:&quot;none&quot;}\" data-widget_type=\"image.default\">\n\t\t\t\t<div class=\"elementor-widget-container\">\n\t\t\t\t\t\t\t\t\t\t\t\t\t\t\t<img decoding=\"async\" width=\"818\" height=\"374\" src=\"https:\/\/opticasdeluxe.com\/wp-content\/uploads\/2024\/03\/Bifocal-Invisible.png\" class=\"attachment-full size-full wp-image-15903\" alt=\"Una montura que muestra Bifocal Invisible\" loading=\"lazy\" srcset=\"https:\/\/opticasdeluxe.com\/wp-content\/uploads\/2024\/03\/Bifocal-Invisible.png 818w, https:\/\/opticasdeluxe.com\/wp-content\/uploads\/2024\/03\/Bifocal-Invisible-700x320.png 700w, https:\/\/opticasdeluxe.com\/wp-content\/uploads\/2024\/03\/Bifocal-Invisible-600x274.png 600w, https:\/\/opticasdeluxe.com\/wp-content\/uploads\/2024\/03\/Bifocal-Invisible-300x137.png 300w, https:\/\/opticasdeluxe.com\/wp-content\/uploads\/2024\/03\/Bifocal-Invisible-150x69.png 150w, https:\/\/opticasdeluxe.com\/wp-content\/uploads\/2024\/03\/Bifocal-Invisible-768x351.png 768w\" sizes=\"auto, (max-width: 818px) 100vw, 818px\" \/>\t\t\t\t\t\t\t\t\t\t\t\t\t\t\t<\/div>\n\t\t\t\t<\/div>\n\t\t\t\t<div class=\"elementor-element elementor-element-f197e5e elementor-widget elementor-widget-heading\" data-id=\"f197e5e\" data-element_type=\"widget\" data-settings=\"{&quot;ekit_we_effect_on&quot;:&quot;none&quot;}\" data-widget_type=\"heading.default\">\n\t\t\t\t<div class=\"elementor-widget-container\">\n\t\t\t\t\t<h2 class=\"elementor-heading-title elementor-size-default\">Comparaci\u00f3n bifocal flat top y Bifocal Invisible<\/h2>\t\t\t\t<\/div>\n\t\t\t\t<\/div>\n\t\t\t\t<div class=\"elementor-element elementor-element-1b9dee9 caption-image elementor-widget elementor-widget-image\" data-id=\"1b9dee9\" data-element_type=\"widget\" data-settings=\"{&quot;ekit_we_effect_on&quot;:&quot;none&quot;}\" data-widget_type=\"image.default\">\n\t\t\t\t<div class=\"elementor-widget-container\">\n\t\t\t\t\t\t\t\t\t\t\t\t<figure class=\"wp-caption\">\n\t\t\t\t\t\t\t\t\t\t<img decoding=\"async\" width=\"1952\" height=\"708\" src=\"https:\/\/opticasdeluxe.com\/wp-content\/uploads\/2024\/01\/bifocale2.jpg\" class=\"attachment-full size-full wp-image-3051\" alt=\"\" loading=\"lazy\" srcset=\"https:\/\/opticasdeluxe.com\/wp-content\/uploads\/2024\/01\/bifocale2.jpg 1952w, https:\/\/opticasdeluxe.com\/wp-content\/uploads\/2024\/01\/bifocale2-700x254.jpg 700w, https:\/\/opticasdeluxe.com\/wp-content\/uploads\/2024\/01\/bifocale2-600x218.jpg 600w, https:\/\/opticasdeluxe.com\/wp-content\/uploads\/2024\/01\/bifocale2-300x109.jpg 300w, https:\/\/opticasdeluxe.com\/wp-content\/uploads\/2024\/01\/bifocale2-1024x371.jpg 1024w, https:\/\/opticasdeluxe.com\/wp-content\/uploads\/2024\/01\/bifocale2-768x279.jpg 768w, https:\/\/opticasdeluxe.com\/wp-content\/uploads\/2024\/01\/bifocale2-1536x557.jpg 1536w\" sizes=\"auto, (max-width: 1952px) 100vw, 1952px\" \/>\t\t\t\t\t\t\t\t\t\t\t<figcaption class=\"widget-image-caption wp-caption-text\">Comparaci\u00f3n bifocal flat top y Bifocal Invisible<\/figcaption>\n\t\t\t\t\t\t\t\t\t\t<\/figure>\n\t\t\t\t\t\t\t\t\t<\/div>\n\t\t\t\t<\/div>\n\t\t\t\t<div class=\"elementor-element elementor-element-15a5f40 elementor-widget elementor-widget-text-editor\" data-id=\"15a5f40\" data-element_type=\"widget\" data-settings=\"{&quot;ekit_we_effect_on&quot;:&quot;none&quot;}\" data-widget_type=\"text-editor.default\">\n\t\t\t\t<div class=\"elementor-widget-container\">\n\t\t\t\t\t\t\t\t\t<p>Naturalmente la mirada se dirige hac\u00eda al frente para realizar actividades en visi\u00f3n lejana c\u00f3mo conducir o ver televisi\u00f3n, y por ello la parte superior del lente corrige la visi\u00f3n a distancia (miop\u00eda, hipermetrop\u00eda o astigmatismo). Al usar el tel\u00e9fono o leer dirigimos la mirada hacia abajo, es as\u00ed como la parte inferior del lente corrige la visi\u00f3n cercana (presbicia).<\/p>\n<p>La presbicia es un desgate fisiol\u00f3gico del ojo por el cual se pierde la capacidad de enfocar las im\u00e1genes en visi\u00f3n cercana, este cambio comienza despu\u00e9s de los 40 a\u00f1os y avanza progresivamente hasta los 60 a\u00f1os.<\/p>\n<p>Ante los primeros s\u00edntomas de mala visi\u00f3n de cerca despu\u00e9s de los 40 a\u00f1os, consulta al especialista de la salud visual para diagnosticar y corregir la presbicia.<\/p>\n<p><span style=\"text-decoration: underline;\"><a href=\"https:\/\/opticasdeluxe.com\/haz-una-cita\/\">\u00a1Agenda tu Examen Visual aqu\u00ed!<\/a><\/span><\/p>\n\t\t\t\t\t\t\t\t<\/div>\n\t\t\t\t<\/div>\n\t\t\t\t\t<\/div>\n\t\t<\/div>\n\t\t\t\t\t<\/div>\n\t\t<\/section>\n\t\t\t\t<\/div>\n\t\t","protected":false},"excerpt":{"rendered":"<p>Como su nombre lo indica los bifocales son lentes que cuentan con dos focos o dos potencias en un mismo lente, esto se logra incorporando un peque\u00f1o segmento en forma de medialuna o semi-circulo en la parte inferior, de esta manera el lente es dividido en dos porciones, una porci\u00f3n superior que sirve para enfocar [&hellip;]<\/p>\n","protected":false},"author":7,"featured_media":0,"parent":25888,"menu_order":0,"comment_status":"closed","ping_status":"closed","template":"","meta":{"footnotes":""},"class_list":["post-28938","page","type-page","status-publish","hentry"],"yoast_head":"<!-- This site is optimized with the Yoast SEO plugin v26.7 - https:\/\/yoast.com\/wordpress\/plugins\/seo\/ -->\n<title>Lentes Bifocales - \u00d3pticas Deluxe<\/title>\n<meta name=\"robots\" content=\"index, follow, max-snippet:-1, max-image-preview:large, max-video-preview:-1\" \/>\n<link rel=\"canonical\" href=\"https:\/\/opticasdeluxe.com\/es-sv\/lentes-graduados\/lentes-bifocales\/\" \/>\n<meta property=\"og:locale\" content=\"es_ES\" \/>\n<meta property=\"og:type\" content=\"article\" \/>\n<meta property=\"og:title\" content=\"Lentes Bifocales - \u00d3pticas Deluxe\" \/>\n<meta property=\"og:description\" content=\"Como su nombre lo indica los bifocales son lentes que cuentan con dos focos o dos potencias en un mismo lente, esto se logra incorporando un peque\u00f1o segmento en forma de medialuna o semi-circulo en la parte inferior, de esta manera el lente es dividido en dos porciones, una porci\u00f3n superior que sirve para enfocar [&hellip;]\" \/>\n<meta property=\"og:url\" content=\"https:\/\/opticasdeluxe.com\/es-sv\/lentes-graduados\/lentes-bifocales\/\" \/>\n<meta property=\"og:site_name\" content=\"\u00d3pticas Deluxe\" \/>\n<meta property=\"article:publisher\" content=\"https:\/\/m.facebook.com\/OpticasDeluxe\" \/>\n<meta property=\"article:modified_time\" content=\"2024-03-21T06:39:01+00:00\" \/>\n<meta property=\"og:image\" content=\"https:\/\/staging.opticasdeluxe.com\/wp-content\/uploads\/2024\/03\/Bifocales-min.png\" \/>\n<meta name=\"twitter:card\" content=\"summary_large_image\" \/>\n<meta name=\"twitter:site\" content=\"@opticasdeluxe\" \/>\n<script type=\"application\/ld+json\" class=\"yoast-schema-graph\">{\"@context\":\"https:\/\/schema.org\",\"@graph\":[{\"@type\":\"WebPage\",\"@id\":\"https:\/\/opticasdeluxe.com\/es-sv\/lentes-graduados\/lentes-bifocales\/\",\"url\":\"https:\/\/opticasdeluxe.com\/es-sv\/lentes-graduados\/lentes-bifocales\/\",\"name\":\"Lentes Bifocales - \u00d3pticas Deluxe\",\"isPartOf\":{\"@id\":\"https:\/\/opticasdeluxe.com\/es-sv\/#website\"},\"primaryImageOfPage\":{\"@id\":\"https:\/\/opticasdeluxe.com\/es-sv\/lentes-graduados\/lentes-bifocales\/#primaryimage\"},\"image\":{\"@id\":\"https:\/\/opticasdeluxe.com\/es-sv\/lentes-graduados\/lentes-bifocales\/#primaryimage\"},\"thumbnailUrl\":\"https:\/\/staging.opticasdeluxe.com\/wp-content\/uploads\/2024\/03\/Bifocales-min.png\",\"datePublished\":\"2024-01-03T11:06:55+00:00\",\"dateModified\":\"2024-03-21T06:39:01+00:00\",\"breadcrumb\":{\"@id\":\"https:\/\/opticasdeluxe.com\/es-sv\/lentes-graduados\/lentes-bifocales\/#breadcrumb\"},\"inLanguage\":\"es-SV\",\"potentialAction\":[{\"@type\":\"ReadAction\",\"target\":[\"https:\/\/opticasdeluxe.com\/es-sv\/lentes-graduados\/lentes-bifocales\/\"]}]},{\"@type\":\"ImageObject\",\"inLanguage\":\"es-SV\",\"@id\":\"https:\/\/opticasdeluxe.com\/es-sv\/lentes-graduados\/lentes-bifocales\/#primaryimage\",\"url\":\"https:\/\/staging.opticasdeluxe.com\/wp-content\/uploads\/2024\/03\/Bifocales-min.png\",\"contentUrl\":\"https:\/\/staging.opticasdeluxe.com\/wp-content\/uploads\/2024\/03\/Bifocales-min.png\"},{\"@type\":\"BreadcrumbList\",\"@id\":\"https:\/\/opticasdeluxe.com\/es-sv\/lentes-graduados\/lentes-bifocales\/#breadcrumb\",\"itemListElement\":[{\"@type\":\"ListItem\",\"position\":1,\"name\":\"Home\",\"item\":\"https:\/\/opticasdeluxe.com\/es-sv\/\"},{\"@type\":\"ListItem\",\"position\":2,\"name\":\"LENTES GRADUADOS\",\"item\":\"https:\/\/opticasdeluxe.com\/es-sv\/lentes-graduados\/\"},{\"@type\":\"ListItem\",\"position\":3,\"name\":\"Lentes Bifocales\"}]},{\"@type\":\"WebSite\",\"@id\":\"https:\/\/opticasdeluxe.com\/es-sv\/#website\",\"url\":\"https:\/\/opticasdeluxe.com\/es-sv\/\",\"name\":\"\u00d3pticas Deluxe\",\"description\":\"\",\"publisher\":{\"@id\":\"https:\/\/opticasdeluxe.com\/es-sv\/#organization\"},\"potentialAction\":[{\"@type\":\"SearchAction\",\"target\":{\"@type\":\"EntryPoint\",\"urlTemplate\":\"https:\/\/opticasdeluxe.com\/es-sv\/?s={search_term_string}\"},\"query-input\":{\"@type\":\"PropertyValueSpecification\",\"valueRequired\":true,\"valueName\":\"search_term_string\"}}],\"inLanguage\":\"es-SV\"},{\"@type\":\"Organization\",\"@id\":\"https:\/\/opticasdeluxe.com\/es-sv\/#organization\",\"name\":\"\u00d3pticas Deluxe\",\"url\":\"https:\/\/opticasdeluxe.com\/es-sv\/\",\"logo\":{\"@type\":\"ImageObject\",\"inLanguage\":\"es-SV\",\"@id\":\"https:\/\/opticasdeluxe.com\/es-sv\/#\/schema\/logo\/image\/\",\"url\":\"https:\/\/opticasdeluxe.com\/wp-content\/uploads\/2023\/12\/opticas-deluxe-mobile-logo.png\",\"contentUrl\":\"https:\/\/opticasdeluxe.com\/wp-content\/uploads\/2023\/12\/opticas-deluxe-mobile-logo.png\",\"width\":234,\"height\":67,\"caption\":\"\u00d3pticas Deluxe\"},\"image\":{\"@id\":\"https:\/\/opticasdeluxe.com\/es-sv\/#\/schema\/logo\/image\/\"},\"sameAs\":[\"https:\/\/m.facebook.com\/OpticasDeluxe\",\"https:\/\/x.com\/opticasdeluxe\",\"https:\/\/www.instagram.com\/opticasdeluxe\"]}]}<\/script>\n<!-- \/ Yoast SEO plugin. -->","yoast_head_json":{"title":"Lentes Bifocales - \u00d3pticas Deluxe","robots":{"index":"index","follow":"follow","max-snippet":"max-snippet:-1","max-image-preview":"max-image-preview:large","max-video-preview":"max-video-preview:-1"},"canonical":"https:\/\/opticasdeluxe.com\/es-sv\/lentes-graduados\/lentes-bifocales\/","og_locale":"es_ES","og_type":"article","og_title":"Lentes Bifocales - \u00d3pticas Deluxe","og_description":"Como su nombre lo indica los bifocales son lentes que cuentan con dos focos o dos potencias en un mismo lente, esto se logra incorporando un peque\u00f1o segmento en forma de medialuna o semi-circulo en la parte inferior, de esta manera el lente es dividido en dos porciones, una porci\u00f3n superior que sirve para enfocar [&hellip;]","og_url":"https:\/\/opticasdeluxe.com\/es-sv\/lentes-graduados\/lentes-bifocales\/","og_site_name":"\u00d3pticas Deluxe","article_publisher":"https:\/\/m.facebook.com\/OpticasDeluxe","article_modified_time":"2024-03-21T06:39:01+00:00","og_image":[{"url":"https:\/\/staging.opticasdeluxe.com\/wp-content\/uploads\/2024\/03\/Bifocales-min.png","type":"","width":"","height":""}],"twitter_card":"summary_large_image","twitter_site":"@opticasdeluxe","schema":{"@context":"https:\/\/schema.org","@graph":[{"@type":"WebPage","@id":"https:\/\/opticasdeluxe.com\/es-sv\/lentes-graduados\/lentes-bifocales\/","url":"https:\/\/opticasdeluxe.com\/es-sv\/lentes-graduados\/lentes-bifocales\/","name":"Lentes Bifocales - \u00d3pticas Deluxe","isPartOf":{"@id":"https:\/\/opticasdeluxe.com\/es-sv\/#website"},"primaryImageOfPage":{"@id":"https:\/\/opticasdeluxe.com\/es-sv\/lentes-graduados\/lentes-bifocales\/#primaryimage"},"image":{"@id":"https:\/\/opticasdeluxe.com\/es-sv\/lentes-graduados\/lentes-bifocales\/#primaryimage"},"thumbnailUrl":"https:\/\/staging.opticasdeluxe.com\/wp-content\/uploads\/2024\/03\/Bifocales-min.png","datePublished":"2024-01-03T11:06:55+00:00","dateModified":"2024-03-21T06:39:01+00:00","breadcrumb":{"@id":"https:\/\/opticasdeluxe.com\/es-sv\/lentes-graduados\/lentes-bifocales\/#breadcrumb"},"inLanguage":"es-SV","potentialAction":[{"@type":"ReadAction","target":["https:\/\/opticasdeluxe.com\/es-sv\/lentes-graduados\/lentes-bifocales\/"]}]},{"@type":"ImageObject","inLanguage":"es-SV","@id":"https:\/\/opticasdeluxe.com\/es-sv\/lentes-graduados\/lentes-bifocales\/#primaryimage","url":"https:\/\/staging.opticasdeluxe.com\/wp-content\/uploads\/2024\/03\/Bifocales-min.png","contentUrl":"https:\/\/staging.opticasdeluxe.com\/wp-content\/uploads\/2024\/03\/Bifocales-min.png"},{"@type":"BreadcrumbList","@id":"https:\/\/opticasdeluxe.com\/es-sv\/lentes-graduados\/lentes-bifocales\/#breadcrumb","itemListElement":[{"@type":"ListItem","position":1,"name":"Home","item":"https:\/\/opticasdeluxe.com\/es-sv\/"},{"@type":"ListItem","position":2,"name":"LENTES GRADUADOS","item":"https:\/\/opticasdeluxe.com\/es-sv\/lentes-graduados\/"},{"@type":"ListItem","position":3,"name":"Lentes Bifocales"}]},{"@type":"WebSite","@id":"https:\/\/opticasdeluxe.com\/es-sv\/#website","url":"https:\/\/opticasdeluxe.com\/es-sv\/","name":"\u00d3pticas Deluxe","description":"","publisher":{"@id":"https:\/\/opticasdeluxe.com\/es-sv\/#organization"},"potentialAction":[{"@type":"SearchAction","target":{"@type":"EntryPoint","urlTemplate":"https:\/\/opticasdeluxe.com\/es-sv\/?s={search_term_string}"},"query-input":{"@type":"PropertyValueSpecification","valueRequired":true,"valueName":"search_term_string"}}],"inLanguage":"es-SV"},{"@type":"Organization","@id":"https:\/\/opticasdeluxe.com\/es-sv\/#organization","name":"\u00d3pticas Deluxe","url":"https:\/\/opticasdeluxe.com\/es-sv\/","logo":{"@type":"ImageObject","inLanguage":"es-SV","@id":"https:\/\/opticasdeluxe.com\/es-sv\/#\/schema\/logo\/image\/","url":"https:\/\/opticasdeluxe.com\/wp-content\/uploads\/2023\/12\/opticas-deluxe-mobile-logo.png","contentUrl":"https:\/\/opticasdeluxe.com\/wp-content\/uploads\/2023\/12\/opticas-deluxe-mobile-logo.png","width":234,"height":67,"caption":"\u00d3pticas Deluxe"},"image":{"@id":"https:\/\/opticasdeluxe.com\/es-sv\/#\/schema\/logo\/image\/"},"sameAs":["https:\/\/m.facebook.com\/OpticasDeluxe","https:\/\/x.com\/opticasdeluxe","https:\/\/www.instagram.com\/opticasdeluxe"]}]}},"_links":{"self":[{"href":"https:\/\/opticasdeluxe.com\/es-sv\/wp-json\/wp\/v2\/pages\/28938","targetHints":{"allow":["GET"]}}],"collection":[{"href":"https:\/\/opticasdeluxe.com\/es-sv\/wp-json\/wp\/v2\/pages"}],"about":[{"href":"https:\/\/opticasdeluxe.com\/es-sv\/wp-json\/wp\/v2\/types\/page"}],"author":[{"embeddable":true,"href":"https:\/\/opticasdeluxe.com\/es-sv\/wp-json\/wp\/v2\/users\/7"}],"replies":[{"embeddable":true,"href":"https:\/\/opticasdeluxe.com\/es-sv\/wp-json\/wp\/v2\/comments?post=28938"}],"version-history":[{"count":0,"href":"https:\/\/opticasdeluxe.com\/es-sv\/wp-json\/wp\/v2\/pages\/28938\/revisions"}],"up":[{"embeddable":true,"href":"https:\/\/opticasdeluxe.com\/es-sv\/wp-json\/wp\/v2\/pages\/25888"}],"wp:attachment":[{"href":"https:\/\/opticasdeluxe.com\/es-sv\/wp-json\/wp\/v2\/media?parent=28938"}],"curies":[{"name":"wp","href":"https:\/\/api.w.org\/{rel}","templated":true}]}}