{"id":2863,"date":"2024-01-03T10:21:40","date_gmt":"2024-01-03T10:21:40","guid":{"rendered":"https:\/\/opticasdeluxe.com\/?page_id=2863"},"modified":"2024-06-14T07:44:34","modified_gmt":"2024-06-14T07:44:34","slug":"lista-de-deseos","status":"publish","type":"page","link":"https:\/\/opticasdeluxe.com\/es-sv\/lista-de-deseos\/","title":{"rendered":"Lista de deseos"},"content":{"rendered":"\t\t<div data-elementor-type=\"wp-page\" data-elementor-id=\"2863\" class=\"elementor elementor-2863\" data-elementor-post-type=\"page\">\n\t\t\t\t\t\t<section class=\"elementor-section elementor-top-section elementor-element elementor-element-2165823 elementor-section-boxed elementor-section-height-default elementor-section-height-default\" data-id=\"2165823\" data-element_type=\"section\" data-settings=\"{&quot;ekit_has_onepagescroll_dot&quot;:&quot;yes&quot;}\">\n\t\t\t\t\t\t<div class=\"elementor-container elementor-column-gap-default\">\n\t\t\t\t\t<div class=\"elementor-column elementor-col-100 elementor-top-column elementor-element elementor-element-cf6a77d\" data-id=\"cf6a77d\" data-element_type=\"column\">\n\t\t\t<div class=\"elementor-widget-wrap elementor-element-populated\">\n\t\t\t\t\t\t<div class=\"elementor-element elementor-element-070b494 elementor-widget-laptop__width-initial wishlist-head elementor-widget elementor-widget-elementskit-heading\" data-id=\"070b494\" data-element_type=\"widget\" data-settings=\"{&quot;ekit_we_effect_on&quot;:&quot;none&quot;}\" data-widget_type=\"elementskit-heading.default\">\n\t\t\t\t<div class=\"elementor-widget-container\">\n\t\t\t\t\t<div class=\"ekit-wid-con\" ><div class=\"ekit-heading elementskit-section-title-wraper text_left   ekit_heading_tablet-   ekit_heading_mobile-\"><h1 class=\"ekit-heading--title elementskit-section-title \">Lista de deseos<\/h1><div class=\"ekit_heading_separetor_wraper ekit_heading_elementskit-border-divider ekit-dotted\"><div class=\"elementskit-border-divider ekit-dotted\"><\/div><\/div><\/div><\/div>\t\t\t\t<\/div>\n\t\t\t\t<\/div>\n\t\t\t\t<div class=\"elementor-element elementor-element-032c0de whistlist-text-area elementor-widget elementor-widget-text-editor\" data-id=\"032c0de\" data-element_type=\"widget\" data-settings=\"{&quot;ekit_we_effect_on&quot;:&quot;none&quot;}\" data-widget_type=\"text-editor.default\">\n\t\t\t\t<div class=\"elementor-widget-container\">\n\t\t\t\t\t\t\t\t\tPara guardar permanentemente su lista de preferencias, <a href=\"https:\/\/opticasdeluxe.com\/es-sv\/mi-cuenta\/\"><strong><u>inicie sesi\u00f3n<\/u><\/strong><\/a> o <a href=\"https:\/\/opticasdeluxe.com\/es-sv\/mi-cuenta#signup\"><strong><u>reg\u00edstrese<\/u><\/strong><\/a>.\t\t\t\t\t\t\t\t<\/div>\n\t\t\t\t<\/div>\n\t\t\t\t<div class=\"elementor-element elementor-element-8b2d86e elementor-widget elementor-widget-text-editor\" data-id=\"8b2d86e\" data-element_type=\"widget\" data-settings=\"{&quot;ekit_we_effect_on&quot;:&quot;none&quot;}\" data-widget_type=\"text-editor.default\">\n\t\t\t\t<div class=\"elementor-widget-container\">\n\t\t\t\t\t\t\t\t\t\n\n\n\n<form\n\tid=\"yith-wcwl-form\"\n\taction=\"https:\/\/opticasdeluxe.com\/es-sv\/lista-de-deseos\/\"\n\tmethod=\"post\"\n\tclass=\"woocommerce yith-wcwl-form wishlist-fragment\"\n\tdata-fragment-options=\"{&quot;per_page&quot;:&quot;12&quot;,&quot;current_page&quot;:1,&quot;pagination&quot;:&quot;yes&quot;,&quot;wishlist_id&quot;:false,&quot;action_params&quot;:false,&quot;no_interactions&quot;:false,&quot;layout&quot;:&quot;&quot;,&quot;wishlist&quot;:false,&quot;is_default&quot;:true,&quot;is_custom_list&quot;:false,&quot;wishlist_token&quot;:&quot;&quot;,&quot;is_private&quot;:false,&quot;count&quot;:0,&quot;page_title&quot;:&quot;Lista de Deseos&quot;,&quot;default_wishlsit_title&quot;:&quot;Lista de Deseos&quot;,&quot;page_links&quot;:false,&quot;is_user_logged_in&quot;:false,&quot;is_user_owner&quot;:true,&quot;can_user_edit_title&quot;:false,&quot;show_price&quot;:true,&quot;show_dateadded&quot;:true,&quot;show_stock_status&quot;:false,&quot;show_add_to_cart&quot;:false,&quot;show_remove_product&quot;:true,&quot;add_to_cart_text&quot;:&quot;A\\u00f1adir al carrito&quot;,&quot;show_ask_estimate_button&quot;:false,&quot;ask_estimate_url&quot;:&quot;&quot;,&quot;price_excl_tax&quot;:true,&quot;show_cb&quot;:false,&quot;show_quantity&quot;:false,&quot;show_variation&quot;:false,&quot;show_price_variations&quot;:false,&quot;show_update&quot;:false,&quot;enable_drag_n_drop&quot;:false,&quot;enable_add_all_to_cart&quot;:false,&quot;move_to_another_wishlist&quot;:false,&quot;repeat_remove_button&quot;:false,&quot;show_last_column&quot;:true,&quot;heading_icon&quot;:&quot;&lt;i class=\\&quot;fa heart-outline\\&quot;&gt;&lt;\\\/i&gt;&quot;,&quot;share_enabled&quot;:false,&quot;template_part&quot;:&quot;view&quot;,&quot;additional_info&quot;:false,&quot;available_multi_wishlist&quot;:false,&quot;form_action&quot;:&quot;https:\\\/\\\/opticasdeluxe.com\\\/es-sv\\\/lista-de-deseos\\\/&quot;,&quot;item&quot;:&quot;wishlist&quot;}\"\n>\n\n\t<!-- TITLE -->\n\t\t\t<div class=\"wishlist-title-container\">\n\t\t\t<div class=\"wishlist-title \">\n\t\t\t\t<h2>Lista de Deseos<\/h2>\t\t\t\t\t\t\t<\/div>\n\t\t\t\t\t<\/div>\n\t\n<!-- WHISHLIST STRUCTURE -->\n\n<!-- WISHLIST TABLE -->\n<div\n\tclass=\"shop_table cart wishlist_table wishlist_view traditional responsive   \"\n\tdata-pagination=\"yes\" data-per-page=\"12\" data-page=\"1\"\n\tdata-id=\"\" data-token=\"\">\n\n\t\n\n\t<div class=\"wishlist-items-wrapper\">\n\t\t\t<div>\n\t\t\t<div colspan=\"2\" class=\"wishlist-empty\">No hay productos a\u00f1adidos a la lista de deseos<\/div>\n\t\t<\/tr>\n\t\t\t<\/div>\n\n<\/div>\n\n<div class=\"yith_wcwl_wishlist_footer\">\n\t\n\n\t\n\n\t\n\t<\/div>\n\n<input type=\"hidden\" id=\"yith_wcwl_edit_wishlist\" name=\"yith_wcwl_edit_wishlist\" value=\"2806fa1938\" \/><input type=\"hidden\" name=\"_wp_http_referer\" value=\"\/es-sv\/wp-json\/wp\/v2\/pages\/2863\" \/><input type=\"hidden\" value=\"\" name=\"wishlist_id\" id=\"wishlist_id\">\n\n\n<input\n                    class=\"apbct_special_field apbct_email_id__elementor_form\"\n                    name=\"apbct__email_id__elementor_form\"\n                    aria-label=\"apbct__label_id__elementor_form\"\n                    type=\"text\" size=\"30\" maxlength=\"200\" autocomplete=\"off\"\n                    value=\"\"\n                \/><\/form>\n\n\n\n\t\t\t\t\t\t\t\t<\/div>\n\t\t\t\t<\/div>\n\t\t\t\t\t<\/div>\n\t\t<\/div>\n\t\t\t\t\t<\/div>\n\t\t<\/section>\n\t\t\t\t<\/div>\n\t\t","protected":false},"excerpt":{"rendered":"<p>Para guardar permanentemente su lista de preferencias, inicie sesi\u00f3n o reg\u00edstrese.<\/p>\n","protected":false},"author":2,"featured_media":0,"parent":0,"menu_order":0,"comment_status":"closed","ping_status":"closed","template":"","meta":{"footnotes":""},"class_list":["post-2863","page","type-page","status-publish","hentry"],"yoast_head":"<!-- This site is optimized with the Yoast SEO plugin v26.7 - https:\/\/yoast.com\/wordpress\/plugins\/seo\/ -->\n<title>Lista de deseos - \u00d3pticas Deluxe<\/title>\n<meta name=\"robots\" content=\"noindex, follow\" \/>\n<meta property=\"og:locale\" content=\"es_ES\" \/>\n<meta property=\"og:type\" content=\"article\" \/>\n<meta property=\"og:title\" content=\"Lista de deseos - \u00d3pticas Deluxe\" \/>\n<meta property=\"og:description\" content=\"Para guardar permanentemente su lista de preferencias, inicie sesi\u00f3n o reg\u00edstrese.\" \/>\n<meta property=\"og:url\" content=\"https:\/\/opticasdeluxe.com\/es-sv\/lista-de-deseos\/\" \/>\n<meta property=\"og:site_name\" content=\"\u00d3pticas Deluxe\" \/>\n<meta property=\"article:publisher\" content=\"https:\/\/m.facebook.com\/OpticasDeluxe\" \/>\n<meta property=\"article:modified_time\" content=\"2024-06-14T07:44:34+00:00\" \/>\n<meta name=\"twitter:card\" content=\"summary_large_image\" \/>\n<meta name=\"twitter:site\" content=\"@opticasdeluxe\" \/>\n<script type=\"application\/ld+json\" class=\"yoast-schema-graph\">{\"@context\":\"https:\/\/schema.org\",\"@graph\":[{\"@type\":\"WebPage\",\"@id\":\"https:\/\/opticasdeluxe.com\/es-sv\/lista-de-deseos\/\",\"url\":\"https:\/\/opticasdeluxe.com\/es-sv\/lista-de-deseos\/\",\"name\":\"Lista de deseos - \u00d3pticas Deluxe\",\"isPartOf\":{\"@id\":\"https:\/\/opticasdeluxe.com\/es-sv\/#website\"},\"datePublished\":\"2024-01-03T10:21:40+00:00\",\"dateModified\":\"2024-06-14T07:44:34+00:00\",\"breadcrumb\":{\"@id\":\"https:\/\/opticasdeluxe.com\/es-sv\/lista-de-deseos\/#breadcrumb\"},\"inLanguage\":\"es-SV\",\"potentialAction\":[{\"@type\":\"ReadAction\",\"target\":[\"https:\/\/opticasdeluxe.com\/es-sv\/lista-de-deseos\/\"]}]},{\"@type\":\"BreadcrumbList\",\"@id\":\"https:\/\/opticasdeluxe.com\/es-sv\/lista-de-deseos\/#breadcrumb\",\"itemListElement\":[{\"@type\":\"ListItem\",\"position\":1,\"name\":\"Home\",\"item\":\"https:\/\/opticasdeluxe.com\/es-sv\/\"},{\"@type\":\"ListItem\",\"position\":2,\"name\":\"Lista de deseos\"}]},{\"@type\":\"WebSite\",\"@id\":\"https:\/\/opticasdeluxe.com\/es-sv\/#website\",\"url\":\"https:\/\/opticasdeluxe.com\/es-sv\/\",\"name\":\"\u00d3pticas Deluxe\",\"description\":\"\",\"publisher\":{\"@id\":\"https:\/\/opticasdeluxe.com\/es-sv\/#organization\"},\"potentialAction\":[{\"@type\":\"SearchAction\",\"target\":{\"@type\":\"EntryPoint\",\"urlTemplate\":\"https:\/\/opticasdeluxe.com\/es-sv\/?s={search_term_string}\"},\"query-input\":{\"@type\":\"PropertyValueSpecification\",\"valueRequired\":true,\"valueName\":\"search_term_string\"}}],\"inLanguage\":\"es-SV\"},{\"@type\":\"Organization\",\"@id\":\"https:\/\/opticasdeluxe.com\/es-sv\/#organization\",\"name\":\"\u00d3pticas Deluxe\",\"url\":\"https:\/\/opticasdeluxe.com\/es-sv\/\",\"logo\":{\"@type\":\"ImageObject\",\"inLanguage\":\"es-SV\",\"@id\":\"https:\/\/opticasdeluxe.com\/es-sv\/#\/schema\/logo\/image\/\",\"url\":\"https:\/\/opticasdeluxe.com\/wp-content\/uploads\/2023\/12\/opticas-deluxe-mobile-logo.png\",\"contentUrl\":\"https:\/\/opticasdeluxe.com\/wp-content\/uploads\/2023\/12\/opticas-deluxe-mobile-logo.png\",\"width\":234,\"height\":67,\"caption\":\"\u00d3pticas Deluxe\"},\"image\":{\"@id\":\"https:\/\/opticasdeluxe.com\/es-sv\/#\/schema\/logo\/image\/\"},\"sameAs\":[\"https:\/\/m.facebook.com\/OpticasDeluxe\",\"https:\/\/x.com\/opticasdeluxe\",\"https:\/\/www.instagram.com\/opticasdeluxe\"]}]}<\/script>\n<!-- \/ Yoast SEO plugin. -->","yoast_head_json":{"title":"Lista de deseos - \u00d3pticas Deluxe","robots":{"index":"noindex","follow":"follow"},"og_locale":"es_ES","og_type":"article","og_title":"Lista de deseos - \u00d3pticas Deluxe","og_description":"Para guardar permanentemente su lista de preferencias, inicie sesi\u00f3n o reg\u00edstrese.","og_url":"https:\/\/opticasdeluxe.com\/es-sv\/lista-de-deseos\/","og_site_name":"\u00d3pticas Deluxe","article_publisher":"https:\/\/m.facebook.com\/OpticasDeluxe","article_modified_time":"2024-06-14T07:44:34+00:00","twitter_card":"summary_large_image","twitter_site":"@opticasdeluxe","schema":{"@context":"https:\/\/schema.org","@graph":[{"@type":"WebPage","@id":"https:\/\/opticasdeluxe.com\/es-sv\/lista-de-deseos\/","url":"https:\/\/opticasdeluxe.com\/es-sv\/lista-de-deseos\/","name":"Lista de deseos - \u00d3pticas Deluxe","isPartOf":{"@id":"https:\/\/opticasdeluxe.com\/es-sv\/#website"},"datePublished":"2024-01-03T10:21:40+00:00","dateModified":"2024-06-14T07:44:34+00:00","breadcrumb":{"@id":"https:\/\/opticasdeluxe.com\/es-sv\/lista-de-deseos\/#breadcrumb"},"inLanguage":"es-SV","potentialAction":[{"@type":"ReadAction","target":["https:\/\/opticasdeluxe.com\/es-sv\/lista-de-deseos\/"]}]},{"@type":"BreadcrumbList","@id":"https:\/\/opticasdeluxe.com\/es-sv\/lista-de-deseos\/#breadcrumb","itemListElement":[{"@type":"ListItem","position":1,"name":"Home","item":"https:\/\/opticasdeluxe.com\/es-sv\/"},{"@type":"ListItem","position":2,"name":"Lista de deseos"}]},{"@type":"WebSite","@id":"https:\/\/opticasdeluxe.com\/es-sv\/#website","url":"https:\/\/opticasdeluxe.com\/es-sv\/","name":"\u00d3pticas Deluxe","description":"","publisher":{"@id":"https:\/\/opticasdeluxe.com\/es-sv\/#organization"},"potentialAction":[{"@type":"SearchAction","target":{"@type":"EntryPoint","urlTemplate":"https:\/\/opticasdeluxe.com\/es-sv\/?s={search_term_string}"},"query-input":{"@type":"PropertyValueSpecification","valueRequired":true,"valueName":"search_term_string"}}],"inLanguage":"es-SV"},{"@type":"Organization","@id":"https:\/\/opticasdeluxe.com\/es-sv\/#organization","name":"\u00d3pticas Deluxe","url":"https:\/\/opticasdeluxe.com\/es-sv\/","logo":{"@type":"ImageObject","inLanguage":"es-SV","@id":"https:\/\/opticasdeluxe.com\/es-sv\/#\/schema\/logo\/image\/","url":"https:\/\/opticasdeluxe.com\/wp-content\/uploads\/2023\/12\/opticas-deluxe-mobile-logo.png","contentUrl":"https:\/\/opticasdeluxe.com\/wp-content\/uploads\/2023\/12\/opticas-deluxe-mobile-logo.png","width":234,"height":67,"caption":"\u00d3pticas Deluxe"},"image":{"@id":"https:\/\/opticasdeluxe.com\/es-sv\/#\/schema\/logo\/image\/"},"sameAs":["https:\/\/m.facebook.com\/OpticasDeluxe","https:\/\/x.com\/opticasdeluxe","https:\/\/www.instagram.com\/opticasdeluxe"]}]}},"_links":{"self":[{"href":"https:\/\/opticasdeluxe.com\/es-sv\/wp-json\/wp\/v2\/pages\/2863","targetHints":{"allow":["GET"]}}],"collection":[{"href":"https:\/\/opticasdeluxe.com\/es-sv\/wp-json\/wp\/v2\/pages"}],"about":[{"href":"https:\/\/opticasdeluxe.com\/es-sv\/wp-json\/wp\/v2\/types\/page"}],"author":[{"embeddable":true,"href":"https:\/\/opticasdeluxe.com\/es-sv\/wp-json\/wp\/v2\/users\/2"}],"replies":[{"embeddable":true,"href":"https:\/\/opticasdeluxe.com\/es-sv\/wp-json\/wp\/v2\/comments?post=2863"}],"version-history":[{"count":24,"href":"https:\/\/opticasdeluxe.com\/es-sv\/wp-json\/wp\/v2\/pages\/2863\/revisions"}],"predecessor-version":[{"id":31915,"href":"https:\/\/opticasdeluxe.com\/es-sv\/wp-json\/wp\/v2\/pages\/2863\/revisions\/31915"}],"wp:attachment":[{"href":"https:\/\/opticasdeluxe.com\/es-sv\/wp-json\/wp\/v2\/media?parent=2863"}],"curies":[{"name":"wp","href":"https:\/\/api.w.org\/{rel}","templated":true}]}}