{"id":25013,"date":"2024-01-04T10:20:18","date_gmt":"2024-01-04T10:20:18","guid":{"rendered":"https:\/\/staging.opticasdeluxe.com\/promociones\/"},"modified":"2025-06-06T16:20:43","modified_gmt":"2025-06-06T16:20:43","slug":"promociones","status":"publish","type":"page","link":"https:\/\/opticasdeluxe.com\/es-sv\/promociones\/","title":{"rendered":"Promociones"},"content":{"rendered":"\t\t<div data-elementor-type=\"wp-page\" data-elementor-id=\"25013\" class=\"elementor elementor-25013 elementor-3503\" data-elementor-post-type=\"page\">\n\t\t\t\t\t\t<section class=\"elementor-section elementor-top-section elementor-element elementor-element-d3079d5 elementor-section-boxed elementor-section-height-default elementor-section-height-default\" data-id=\"d3079d5\" data-element_type=\"section\" data-settings=\"{&quot;ekit_has_onepagescroll_dot&quot;:&quot;yes&quot;}\">\n\t\t\t\t\t\t<div class=\"elementor-container elementor-column-gap-default\">\n\t\t\t\t\t<div class=\"elementor-column elementor-col-100 elementor-top-column elementor-element elementor-element-0328565\" data-id=\"0328565\" data-element_type=\"column\">\n\t\t\t<div class=\"elementor-widget-wrap elementor-element-populated\">\n\t\t\t\t\t\t<div class=\"elementor-element elementor-element-4973a39 elementor-widget elementor-widget-heading\" data-id=\"4973a39\" data-element_type=\"widget\" data-settings=\"{&quot;ekit_we_effect_on&quot;:&quot;none&quot;}\" data-widget_type=\"heading.default\">\n\t\t\t\t<div class=\"elementor-widget-container\">\n\t\t\t\t\t<h1 class=\"elementor-heading-title elementor-size-default\">Tu salud visual es nuestro mayor compromiso, \u00a1Vis\u00edtanos y sorpr\u00e9ndete con todas nuestras promociones!<\/h1>\t\t\t\t<\/div>\n\t\t\t\t<\/div>\n\t\t\t\t<section class=\"elementor-section elementor-inner-section elementor-element elementor-element-5af9870 elementor-section-boxed elementor-section-height-default elementor-section-height-default\" data-id=\"5af9870\" data-element_type=\"section\" data-settings=\"{&quot;ekit_has_onepagescroll_dot&quot;:&quot;yes&quot;}\">\n\t\t\t\t\t\t<div class=\"elementor-container elementor-column-gap-default\">\n\t\t\t\t\t<div class=\"elementor-column elementor-col-50 elementor-inner-column elementor-element elementor-element-3812853\" data-id=\"3812853\" data-element_type=\"column\">\n\t\t\t<div class=\"elementor-widget-wrap elementor-element-populated\">\n\t\t\t\t\t\t<div class=\"elementor-element elementor-element-4aa91d0 elementor-widget elementor-widget-image\" data-id=\"4aa91d0\" data-element_type=\"widget\" data-settings=\"{&quot;ekit_we_effect_on&quot;:&quot;none&quot;}\" data-widget_type=\"image.default\">\n\t\t\t\t<div class=\"elementor-widget-container\">\n\t\t\t\t\t\t\t\t\t\t\t\t\t\t\t<img loading=\"lazy\" decoding=\"async\" width=\"1081\" height=\"1081\" src=\"https:\/\/opticasdeluxe.com\/wp-content\/uploads\/2025\/06\/Promo-Papa-El-Salvador-Junio-2025.jpg\" class=\"attachment-full size-full wp-image-34836\" alt=\"\" srcset=\"https:\/\/opticasdeluxe.com\/wp-content\/uploads\/2025\/06\/Promo-Papa-El-Salvador-Junio-2025.jpg 1081w, https:\/\/opticasdeluxe.com\/wp-content\/uploads\/2025\/06\/Promo-Papa-El-Salvador-Junio-2025-700x700.jpg 700w, https:\/\/opticasdeluxe.com\/wp-content\/uploads\/2025\/06\/Promo-Papa-El-Salvador-Junio-2025-1024x1024.jpg 1024w, https:\/\/opticasdeluxe.com\/wp-content\/uploads\/2025\/06\/Promo-Papa-El-Salvador-Junio-2025-150x150.jpg 150w, https:\/\/opticasdeluxe.com\/wp-content\/uploads\/2025\/06\/Promo-Papa-El-Salvador-Junio-2025-768x768.jpg 768w, https:\/\/opticasdeluxe.com\/wp-content\/uploads\/2025\/06\/Promo-Papa-El-Salvador-Junio-2025-600x600.jpg 600w, https:\/\/opticasdeluxe.com\/wp-content\/uploads\/2025\/06\/Promo-Papa-El-Salvador-Junio-2025-100x100.jpg 100w, https:\/\/opticasdeluxe.com\/wp-content\/uploads\/2025\/06\/Promo-Papa-El-Salvador-Junio-2025-50x50.jpg 50w\" sizes=\"auto, (max-width: 1081px) 100vw, 1081px\" \/>\t\t\t\t\t\t\t\t\t\t\t\t\t\t\t<\/div>\n\t\t\t\t<\/div>\n\t\t\t\t\t<\/div>\n\t\t<\/div>\n\t\t\t\t<div class=\"elementor-column elementor-col-50 elementor-inner-column elementor-element elementor-element-f0d03c8\" data-id=\"f0d03c8\" data-element_type=\"column\">\n\t\t\t<div class=\"elementor-widget-wrap elementor-element-populated\">\n\t\t\t\t\t\t<div class=\"elementor-element elementor-element-ff9d0d0 elementor-widget elementor-widget-text-editor\" data-id=\"ff9d0d0\" data-element_type=\"widget\" data-settings=\"{&quot;ekit_we_effect_on&quot;:&quot;none&quot;}\" data-widget_type=\"text-editor.default\">\n\t\t\t\t<div class=\"elementor-widget-container\">\n\t\t\t\t\t\t\t\t\t<p data-renderer-start-pos=\"51\">Tu salud visual es nuestro mayor compromiso, en \u00d3pticas Deluxe disfruta de la mejor calidad, estilo y colecciones de marcas exclusivas, con el respaldo de nuestra excelente garant\u00eda.<\/p>\n<p data-renderer-start-pos=\"51\">Cada visita a nuestra p\u00e1gina es una oportunidad para descubrir nuevas promociones y consentir a tus ojos. \u00a1Vive la experiencia \u00d3pticas DELUXE y explora una nueva visi\u00f3n!<\/p>\n\t\t\t\t\t\t\t\t<\/div>\n\t\t\t\t<\/div>\n\t\t\t\t<div class=\"elementor-element elementor-element-dfcf3e8 elementor-widget elementor-widget-button\" data-id=\"dfcf3e8\" data-element_type=\"widget\" data-settings=\"{&quot;ekit_we_effect_on&quot;:&quot;none&quot;}\" data-widget_type=\"button.default\">\n\t\t\t\t<div class=\"elementor-widget-container\">\n\t\t\t\t\t\t\t\t\t<div class=\"elementor-button-wrapper\">\n\t\t\t\t\t<a class=\"elementor-button elementor-button-link elementor-size-sm\" href=\"\/es-sv\/contactanos\/\">\n\t\t\t\t\t\t<span class=\"elementor-button-content-wrapper\">\n\t\t\t\t\t\t\t\t\t<span class=\"elementor-button-text\">Contactarnos<\/span>\n\t\t\t\t\t<\/span>\n\t\t\t\t\t<\/a>\n\t\t\t\t<\/div>\n\t\t\t\t\t\t\t\t<\/div>\n\t\t\t\t<\/div>\n\t\t\t\t\t<\/div>\n\t\t<\/div>\n\t\t\t\t\t<\/div>\n\t\t<\/section>\n\t\t\t\t\t<\/div>\n\t\t<\/div>\n\t\t\t\t\t<\/div>\n\t\t<\/section>\n\t\t\t\t<\/div>\n\t\t","protected":false},"excerpt":{"rendered":"<p>Tu salud visual es nuestro mayor compromiso, \u00a1Vis\u00edtanos y sorpr\u00e9ndete con todas nuestras promociones! Tu salud visual es nuestro mayor compromiso, en \u00d3pticas Deluxe disfruta de la mejor calidad, estilo y colecciones de marcas exclusivas, con el respaldo de nuestra excelente garant\u00eda. Cada visita a nuestra p\u00e1gina es una oportunidad para descubrir nuevas promociones y [&hellip;]<\/p>\n","protected":false},"author":7,"featured_media":0,"parent":0,"menu_order":0,"comment_status":"closed","ping_status":"closed","template":"","meta":{"footnotes":""},"class_list":["post-25013","page","type-page","status-publish","hentry"],"yoast_head":"<!-- This site is optimized with the Yoast SEO plugin v26.7 - https:\/\/yoast.com\/wordpress\/plugins\/seo\/ -->\n<title>Promociones - \u00d3pticas Deluxe<\/title>\n<meta name=\"robots\" content=\"index, follow, max-snippet:-1, max-image-preview:large, max-video-preview:-1\" \/>\n<link rel=\"canonical\" href=\"https:\/\/opticasdeluxe.com\/es-sv\/promociones\/\" \/>\n<meta property=\"og:locale\" content=\"es_ES\" \/>\n<meta property=\"og:type\" content=\"article\" \/>\n<meta property=\"og:title\" content=\"Promociones - \u00d3pticas Deluxe\" \/>\n<meta property=\"og:description\" content=\"Tu salud visual es nuestro mayor compromiso, \u00a1Vis\u00edtanos y sorpr\u00e9ndete con todas nuestras promociones! Tu salud visual es nuestro mayor compromiso, en \u00d3pticas Deluxe disfruta de la mejor calidad, estilo y colecciones de marcas exclusivas, con el respaldo de nuestra excelente garant\u00eda. Cada visita a nuestra p\u00e1gina es una oportunidad para descubrir nuevas promociones y [&hellip;]\" \/>\n<meta property=\"og:url\" content=\"https:\/\/opticasdeluxe.com\/es-sv\/promociones\/\" \/>\n<meta property=\"og:site_name\" content=\"\u00d3pticas Deluxe\" \/>\n<meta property=\"article:publisher\" content=\"https:\/\/m.facebook.com\/OpticasDeluxe\" \/>\n<meta property=\"article:modified_time\" content=\"2025-06-06T16:20:43+00:00\" \/>\n<meta property=\"og:image\" content=\"https:\/\/opticasdeluxe.com\/wp-content\/uploads\/2025\/06\/Promo-Papa-El-Salvador-Junio-2025.jpg\" \/>\n\t<meta property=\"og:image:width\" content=\"1081\" \/>\n\t<meta property=\"og:image:height\" content=\"1081\" \/>\n\t<meta property=\"og:image:type\" content=\"image\/jpeg\" \/>\n<meta name=\"twitter:card\" content=\"summary_large_image\" \/>\n<meta name=\"twitter:site\" content=\"@opticasdeluxe\" \/>\n<script type=\"application\/ld+json\" class=\"yoast-schema-graph\">{\"@context\":\"https:\/\/schema.org\",\"@graph\":[{\"@type\":\"WebPage\",\"@id\":\"https:\/\/opticasdeluxe.com\/es-sv\/promociones\/\",\"url\":\"https:\/\/opticasdeluxe.com\/es-sv\/promociones\/\",\"name\":\"Promociones - \u00d3pticas Deluxe\",\"isPartOf\":{\"@id\":\"https:\/\/opticasdeluxe.com\/es-sv\/#website\"},\"primaryImageOfPage\":{\"@id\":\"https:\/\/opticasdeluxe.com\/es-sv\/promociones\/#primaryimage\"},\"image\":{\"@id\":\"https:\/\/opticasdeluxe.com\/es-sv\/promociones\/#primaryimage\"},\"thumbnailUrl\":\"https:\/\/opticasdeluxe.com\/wp-content\/uploads\/2025\/06\/Promo-Papa-El-Salvador-Junio-2025.jpg\",\"datePublished\":\"2024-01-04T10:20:18+00:00\",\"dateModified\":\"2025-06-06T16:20:43+00:00\",\"breadcrumb\":{\"@id\":\"https:\/\/opticasdeluxe.com\/es-sv\/promociones\/#breadcrumb\"},\"inLanguage\":\"es-SV\",\"potentialAction\":[{\"@type\":\"ReadAction\",\"target\":[\"https:\/\/opticasdeluxe.com\/es-sv\/promociones\/\"]}]},{\"@type\":\"ImageObject\",\"inLanguage\":\"es-SV\",\"@id\":\"https:\/\/opticasdeluxe.com\/es-sv\/promociones\/#primaryimage\",\"url\":\"https:\/\/opticasdeluxe.com\/wp-content\/uploads\/2025\/06\/Promo-Papa-El-Salvador-Junio-2025.jpg\",\"contentUrl\":\"https:\/\/opticasdeluxe.com\/wp-content\/uploads\/2025\/06\/Promo-Papa-El-Salvador-Junio-2025.jpg\"},{\"@type\":\"BreadcrumbList\",\"@id\":\"https:\/\/opticasdeluxe.com\/es-sv\/promociones\/#breadcrumb\",\"itemListElement\":[{\"@type\":\"ListItem\",\"position\":1,\"name\":\"Home\",\"item\":\"https:\/\/opticasdeluxe.com\/es-sv\/\"},{\"@type\":\"ListItem\",\"position\":2,\"name\":\"Promociones\"}]},{\"@type\":\"WebSite\",\"@id\":\"https:\/\/opticasdeluxe.com\/es-sv\/#website\",\"url\":\"https:\/\/opticasdeluxe.com\/es-sv\/\",\"name\":\"\u00d3pticas Deluxe\",\"description\":\"\",\"publisher\":{\"@id\":\"https:\/\/opticasdeluxe.com\/es-sv\/#organization\"},\"potentialAction\":[{\"@type\":\"SearchAction\",\"target\":{\"@type\":\"EntryPoint\",\"urlTemplate\":\"https:\/\/opticasdeluxe.com\/es-sv\/?s={search_term_string}\"},\"query-input\":{\"@type\":\"PropertyValueSpecification\",\"valueRequired\":true,\"valueName\":\"search_term_string\"}}],\"inLanguage\":\"es-SV\"},{\"@type\":\"Organization\",\"@id\":\"https:\/\/opticasdeluxe.com\/es-sv\/#organization\",\"name\":\"\u00d3pticas Deluxe\",\"url\":\"https:\/\/opticasdeluxe.com\/es-sv\/\",\"logo\":{\"@type\":\"ImageObject\",\"inLanguage\":\"es-SV\",\"@id\":\"https:\/\/opticasdeluxe.com\/es-sv\/#\/schema\/logo\/image\/\",\"url\":\"https:\/\/opticasdeluxe.com\/wp-content\/uploads\/2023\/12\/opticas-deluxe-mobile-logo.png\",\"contentUrl\":\"https:\/\/opticasdeluxe.com\/wp-content\/uploads\/2023\/12\/opticas-deluxe-mobile-logo.png\",\"width\":234,\"height\":67,\"caption\":\"\u00d3pticas Deluxe\"},\"image\":{\"@id\":\"https:\/\/opticasdeluxe.com\/es-sv\/#\/schema\/logo\/image\/\"},\"sameAs\":[\"https:\/\/m.facebook.com\/OpticasDeluxe\",\"https:\/\/x.com\/opticasdeluxe\",\"https:\/\/www.instagram.com\/opticasdeluxe\"]}]}<\/script>\n<!-- \/ Yoast SEO plugin. -->","yoast_head_json":{"title":"Promociones - \u00d3pticas Deluxe","robots":{"index":"index","follow":"follow","max-snippet":"max-snippet:-1","max-image-preview":"max-image-preview:large","max-video-preview":"max-video-preview:-1"},"canonical":"https:\/\/opticasdeluxe.com\/es-sv\/promociones\/","og_locale":"es_ES","og_type":"article","og_title":"Promociones - \u00d3pticas Deluxe","og_description":"Tu salud visual es nuestro mayor compromiso, \u00a1Vis\u00edtanos y sorpr\u00e9ndete con todas nuestras promociones! Tu salud visual es nuestro mayor compromiso, en \u00d3pticas Deluxe disfruta de la mejor calidad, estilo y colecciones de marcas exclusivas, con el respaldo de nuestra excelente garant\u00eda. Cada visita a nuestra p\u00e1gina es una oportunidad para descubrir nuevas promociones y [&hellip;]","og_url":"https:\/\/opticasdeluxe.com\/es-sv\/promociones\/","og_site_name":"\u00d3pticas Deluxe","article_publisher":"https:\/\/m.facebook.com\/OpticasDeluxe","article_modified_time":"2025-06-06T16:20:43+00:00","og_image":[{"width":1081,"height":1081,"url":"https:\/\/opticasdeluxe.com\/wp-content\/uploads\/2025\/06\/Promo-Papa-El-Salvador-Junio-2025.jpg","type":"image\/jpeg"}],"twitter_card":"summary_large_image","twitter_site":"@opticasdeluxe","schema":{"@context":"https:\/\/schema.org","@graph":[{"@type":"WebPage","@id":"https:\/\/opticasdeluxe.com\/es-sv\/promociones\/","url":"https:\/\/opticasdeluxe.com\/es-sv\/promociones\/","name":"Promociones - \u00d3pticas Deluxe","isPartOf":{"@id":"https:\/\/opticasdeluxe.com\/es-sv\/#website"},"primaryImageOfPage":{"@id":"https:\/\/opticasdeluxe.com\/es-sv\/promociones\/#primaryimage"},"image":{"@id":"https:\/\/opticasdeluxe.com\/es-sv\/promociones\/#primaryimage"},"thumbnailUrl":"https:\/\/opticasdeluxe.com\/wp-content\/uploads\/2025\/06\/Promo-Papa-El-Salvador-Junio-2025.jpg","datePublished":"2024-01-04T10:20:18+00:00","dateModified":"2025-06-06T16:20:43+00:00","breadcrumb":{"@id":"https:\/\/opticasdeluxe.com\/es-sv\/promociones\/#breadcrumb"},"inLanguage":"es-SV","potentialAction":[{"@type":"ReadAction","target":["https:\/\/opticasdeluxe.com\/es-sv\/promociones\/"]}]},{"@type":"ImageObject","inLanguage":"es-SV","@id":"https:\/\/opticasdeluxe.com\/es-sv\/promociones\/#primaryimage","url":"https:\/\/opticasdeluxe.com\/wp-content\/uploads\/2025\/06\/Promo-Papa-El-Salvador-Junio-2025.jpg","contentUrl":"https:\/\/opticasdeluxe.com\/wp-content\/uploads\/2025\/06\/Promo-Papa-El-Salvador-Junio-2025.jpg"},{"@type":"BreadcrumbList","@id":"https:\/\/opticasdeluxe.com\/es-sv\/promociones\/#breadcrumb","itemListElement":[{"@type":"ListItem","position":1,"name":"Home","item":"https:\/\/opticasdeluxe.com\/es-sv\/"},{"@type":"ListItem","position":2,"name":"Promociones"}]},{"@type":"WebSite","@id":"https:\/\/opticasdeluxe.com\/es-sv\/#website","url":"https:\/\/opticasdeluxe.com\/es-sv\/","name":"\u00d3pticas Deluxe","description":"","publisher":{"@id":"https:\/\/opticasdeluxe.com\/es-sv\/#organization"},"potentialAction":[{"@type":"SearchAction","target":{"@type":"EntryPoint","urlTemplate":"https:\/\/opticasdeluxe.com\/es-sv\/?s={search_term_string}"},"query-input":{"@type":"PropertyValueSpecification","valueRequired":true,"valueName":"search_term_string"}}],"inLanguage":"es-SV"},{"@type":"Organization","@id":"https:\/\/opticasdeluxe.com\/es-sv\/#organization","name":"\u00d3pticas Deluxe","url":"https:\/\/opticasdeluxe.com\/es-sv\/","logo":{"@type":"ImageObject","inLanguage":"es-SV","@id":"https:\/\/opticasdeluxe.com\/es-sv\/#\/schema\/logo\/image\/","url":"https:\/\/opticasdeluxe.com\/wp-content\/uploads\/2023\/12\/opticas-deluxe-mobile-logo.png","contentUrl":"https:\/\/opticasdeluxe.com\/wp-content\/uploads\/2023\/12\/opticas-deluxe-mobile-logo.png","width":234,"height":67,"caption":"\u00d3pticas Deluxe"},"image":{"@id":"https:\/\/opticasdeluxe.com\/es-sv\/#\/schema\/logo\/image\/"},"sameAs":["https:\/\/m.facebook.com\/OpticasDeluxe","https:\/\/x.com\/opticasdeluxe","https:\/\/www.instagram.com\/opticasdeluxe"]}]}},"_links":{"self":[{"href":"https:\/\/opticasdeluxe.com\/es-sv\/wp-json\/wp\/v2\/pages\/25013","targetHints":{"allow":["GET"]}}],"collection":[{"href":"https:\/\/opticasdeluxe.com\/es-sv\/wp-json\/wp\/v2\/pages"}],"about":[{"href":"https:\/\/opticasdeluxe.com\/es-sv\/wp-json\/wp\/v2\/types\/page"}],"author":[{"embeddable":true,"href":"https:\/\/opticasdeluxe.com\/es-sv\/wp-json\/wp\/v2\/users\/7"}],"replies":[{"embeddable":true,"href":"https:\/\/opticasdeluxe.com\/es-sv\/wp-json\/wp\/v2\/comments?post=25013"}],"version-history":[{"count":30,"href":"https:\/\/opticasdeluxe.com\/es-sv\/wp-json\/wp\/v2\/pages\/25013\/revisions"}],"predecessor-version":[{"id":34840,"href":"https:\/\/opticasdeluxe.com\/es-sv\/wp-json\/wp\/v2\/pages\/25013\/revisions\/34840"}],"wp:attachment":[{"href":"https:\/\/opticasdeluxe.com\/es-sv\/wp-json\/wp\/v2\/media?parent=25013"}],"curies":[{"name":"wp","href":"https:\/\/api.w.org\/{rel}","templated":true}]}}